{"id":661,"date":"2018-05-11T15:10:35","date_gmt":"2018-05-11T15:10:35","guid":{"rendered":"http:\/\/deteka.com\/en\/?page_id=661"},"modified":"2018-05-11T15:10:35","modified_gmt":"2018-05-11T15:10:35","slug":"deodorization","status":"publish","type":"page","link":"https:\/\/deteka.com\/en\/deodorization\/","title":{"rendered":"DEODORIZATION"},"content":{"rendered":"<p>[et_pb_section fb_built=&#8221;1&#8243; _builder_version=&#8221;3.0.94&#8243; custom_padding=&#8221;20px|0px|0px|0px&#8221;][et_pb_row custom_padding=&#8221;0px|0px|15px|0px&#8221; _builder_version=&#8221;3.0.94&#8243;][et_pb_column type=&#8221;4_4&#8243; _builder_version=&#8221;3.0.94&#8243; parallax=&#8221;off&#8221; parallax_method=&#8221;on&#8221;][et_pb_button button_url=&#8221;#&#8221; button_text=&#8221;DESODORIZACION-Torres de lavado&#8221; background_layout=&#8221;dark&#8221; _builder_version=&#8221;3.0.94&#8243; custom_margin=&#8221;|||&#8221; custom_button=&#8221;on&#8221; button_text_size=&#8221;25px&#8221; button_text_color=&#8221;#ffffff&#8221; button_bg_color=&#8221;#0c71c3&#8243; button_border_width=&#8221;2px&#8221; button_font=&#8221;||||||||&#8221; button_icon=&#8221;%%37%%&#8221; button_text_size_last_edited=&#8221;on|desktop&#8221;][\/et_pb_button][\/et_pb_column][\/et_pb_row][\/et_pb_section][et_pb_section fb_built=&#8221;1&#8243; _builder_version=&#8221;3.0.94&#8243; custom_padding=&#8221;0px|0px|0px|0px&#8221;][et_pb_row custom_padding=&#8221;0px|0px|0px|0px&#8221; _builder_version=&#8221;3.0.94&#8243;][et_pb_column type=&#8221;1_2&#8243; _builder_version=&#8221;3.0.47&#8243; parallax=&#8221;off&#8221; parallax_method=&#8221;on&#8221;][et_pb_text _builder_version=&#8221;3.0.94&#8243;]<\/p>\n<p>Al igual que ocurre con la depuraci\u00f3n de gases, siempre dependiendo de la fuente y composici\u00f3n de los olores, dise\u00f1amos y fabricamos todo tipo de instalaciones para su eliminaci\u00f3n y tratamiento.<\/p>\n<p>Entre estos tenemos:<\/p>\n<ul>\n<li>Oxidaci\u00f3n \u2013 Neutralizaci\u00f3n: Con un amplio abanico de aplicaciones.<\/li>\n<li>Con carb\u00f3n activo como elemento absorbente.<\/li>\n<li>Biofiltraci\u00f3n.<\/li>\n<\/ul>\n<p>[\/et_pb_text][\/et_pb_column][et_pb_column type=&#8221;1_2&#8243; _builder_version=&#8221;3.0.47&#8243; parallax=&#8221;off&#8221; parallax_method=&#8221;on&#8221;][et_pb_image src=&#8221;http:\/\/deteka.com\/wp-content\/uploads\/2018\/02\/TECO1.jpg&#8221; _builder_version=&#8221;3.0.94&#8243;][\/et_pb_image][\/et_pb_column][\/et_pb_row][\/et_pb_section][et_pb_section fb_built=&#8221;1&#8243; _builder_version=&#8221;3.0.94&#8243; custom_padding=&#8221;64px|0px|0px|0px&#8221;][et_pb_row custom_padding=&#8221;0px|0px|15px|0px&#8221; _builder_version=&#8221;3.0.94&#8243;][et_pb_column type=&#8221;4_4&#8243; _builder_version=&#8221;3.0.94&#8243; parallax=&#8221;off&#8221; parallax_method=&#8221;on&#8221;][et_pb_button button_url=&#8221;#&#8221; button_text=&#8221;GAMA DE LOS EQUIPOS&#8221; background_layout=&#8221;dark&#8221; _builder_version=&#8221;3.0.94&#8243; custom_margin=&#8221;|||&#8221; custom_button=&#8221;on&#8221; button_text_size=&#8221;20px&#8221; button_text_color=&#8221;#ffffff&#8221; button_bg_color=&#8221;#7cda24&#8243; button_border_width=&#8221;2px&#8221; button_font=&#8221;||||||||&#8221; button_icon=&#8221;%%37%%&#8221; button_text_size_last_edited=&#8221;on|desktop&#8221;][\/et_pb_button][\/et_pb_column][\/et_pb_row][\/et_pb_section][et_pb_section fb_built=&#8221;1&#8243; _builder_version=&#8221;3.0.94&#8243; custom_padding=&#8221;0px|0px|0px|0px&#8221;][et_pb_row custom_padding=&#8221;0px|0px|0px|0px&#8221; _builder_version=&#8221;3.0.94&#8243;][et_pb_column type=&#8221;1_2&#8243; _builder_version=&#8221;3.0.47&#8243; parallax=&#8221;off&#8221; parallax_method=&#8221;on&#8221;][et_pb_text _builder_version=&#8221;3.0.94&#8243;]<\/p>\n<h3><strong>DESODORIZACION POR VIA QUIMICA<\/strong><\/h3>\n<p>El proceso de desodorizaci\u00f3n por v\u00eda qu\u00edmica se realiza mediante procesos de neutralizaci\u00f3n que permiten eliminar los componentes \u00e1cidos y alcalinos.<\/p>\n<p>Realizamos el dimensionamiento de la instalaci\u00f3n, la fabricaci\u00f3n de los equipos, la instalaci\u00f3n de los mismos (torres, ventiladores, tuberia, dep\u00f3sitos\u2026etc) y la regulaci\u00f3n y medici\u00f3n de caudales.<\/p>\n<p>[\/et_pb_text][\/et_pb_column][et_pb_column type=&#8221;1_2&#8243; _builder_version=&#8221;3.0.47&#8243; parallax=&#8221;off&#8221; parallax_method=&#8221;on&#8221;][et_pb_image src=&#8221;http:\/\/deteka.com\/wp-content\/uploads\/2018\/02\/desodo-2.gif&#8221; _builder_version=&#8221;3.0.94&#8243; animation_style=&#8221;slide&#8221;]\u00a0 [\/et_pb_image][\/et_pb_column][\/et_pb_row][\/et_pb_section][et_pb_section fb_built=&#8221;1&#8243; _builder_version=&#8221;3.0.94&#8243; custom_padding=&#8221;50px|0px|0px|0px&#8221;][et_pb_row custom_padding=&#8221;0px|0px|0px|0px&#8221; _builder_version=&#8221;3.0.94&#8243;][et_pb_column type=&#8221;1_2&#8243; _builder_version=&#8221;3.0.47&#8243; parallax=&#8221;off&#8221; parallax_method=&#8221;on&#8221;][et_pb_text _builder_version=&#8221;3.0.94&#8243;]<\/p>\n<h3><strong>DESODORIZACION POR CARBON ACTIVO<\/strong><\/h3>\n<p>En el proceso de desodorizaci\u00f3n por carb\u00f3n activo los contaminantes quedan absorbidos por este material consiguiendo una emisi\u00f3n\u00a0libre de olores y acorde a las normas.<\/p>\n<p>&nbsp;<\/p>\n<p>[\/et_pb_text][\/et_pb_column][et_pb_column type=&#8221;1_2&#8243; _builder_version=&#8221;3.0.47&#8243; parallax=&#8221;off&#8221; parallax_method=&#8221;on&#8221;][et_pb_image src=&#8221;http:\/\/deteka.com\/wp-content\/uploads\/2018\/02\/desodo-3.gif&#8221; _builder_version=&#8221;3.0.94&#8243; animation_style=&#8221;slide&#8221;]\u00a0 [\/et_pb_image][\/et_pb_column][\/et_pb_row][\/et_pb_section][et_pb_section fb_built=&#8221;1&#8243; _builder_version=&#8221;3.0.94&#8243; custom_padding=&#8221;50px|0px|50px|0px&#8221;][et_pb_row custom_padding=&#8221;0px|0px|0px|0px&#8221; _builder_version=&#8221;3.0.94&#8243;][et_pb_column type=&#8221;1_2&#8243; _builder_version=&#8221;3.0.47&#8243; parallax=&#8221;off&#8221; parallax_method=&#8221;on&#8221;][et_pb_text _builder_version=&#8221;3.0.94&#8243;]<\/p>\n<h3><strong>DESODORIZACION POR FILTRO BIOLOGICO<\/strong><\/h3>\n<p>El sistema est\u00e1 compuesto por una torre de humectaci\u00f3n seguida de un biofiltro, con una elevada eficacia para la eliminaci\u00f3n de olores y COV a trav\u00e9s de un proceso de oxidaci\u00f3n biol\u00f3gica.<\/p>\n<p>[\/et_pb_text][\/et_pb_column][et_pb_column type=&#8221;1_2&#8243; _builder_version=&#8221;3.0.47&#8243; parallax=&#8221;off&#8221; parallax_method=&#8221;on&#8221;][et_pb_image src=&#8221;http:\/\/deteka.com\/wp-content\/uploads\/2018\/02\/desodo-1.gif&#8221; _builder_version=&#8221;3.0.94&#8243; animation_style=&#8221;slide&#8221;]\u00a0 [\/et_pb_image][\/et_pb_column][\/et_pb_row][\/et_pb_section]<\/p>\n","protected":false},"excerpt":{"rendered":"<p>Al igual que ocurre con la depuraci\u00f3n de gases, siempre dependiendo de la fuente y composici\u00f3n de los olores, dise\u00f1amos y fabricamos todo tipo de instalaciones para su eliminaci\u00f3n y tratamiento. Entre estos tenemos: Oxidaci\u00f3n \u2013 Neutralizaci\u00f3n: Con un amplio abanico de aplicaciones. Con carb\u00f3n activo como elemento absorbente. Biofiltraci\u00f3n. DESODORIZACION POR VIA QUIMICA El [&hellip;]<\/p>\n","protected":false},"author":1,"featured_media":0,"parent":0,"menu_order":0,"comment_status":"closed","ping_status":"closed","template":"","meta":{"_et_pb_use_builder":"on","_et_pb_old_content":"","_et_gb_content_width":"","_exactmetrics_skip_tracking":false,"_exactmetrics_sitenote_active":false,"_exactmetrics_sitenote_note":"","_exactmetrics_sitenote_category":0,"footnotes":""},"class_list":["post-661","page","type-page","status-publish","hentry"],"_links":{"self":[{"href":"https:\/\/deteka.com\/en\/wp-json\/wp\/v2\/pages\/661","targetHints":{"allow":["GET"]}}],"collection":[{"href":"https:\/\/deteka.com\/en\/wp-json\/wp\/v2\/pages"}],"about":[{"href":"https:\/\/deteka.com\/en\/wp-json\/wp\/v2\/types\/page"}],"author":[{"embeddable":true,"href":"https:\/\/deteka.com\/en\/wp-json\/wp\/v2\/users\/1"}],"replies":[{"embeddable":true,"href":"https:\/\/deteka.com\/en\/wp-json\/wp\/v2\/comments?post=661"}],"version-history":[{"count":1,"href":"https:\/\/deteka.com\/en\/wp-json\/wp\/v2\/pages\/661\/revisions"}],"predecessor-version":[{"id":662,"href":"https:\/\/deteka.com\/en\/wp-json\/wp\/v2\/pages\/661\/revisions\/662"}],"wp:attachment":[{"href":"https:\/\/deteka.com\/en\/wp-json\/wp\/v2\/media?parent=661"}],"curies":[{"name":"wp","href":"https:\/\/api.w.org\/{rel}","templated":true}]}}