{"id":665,"date":"2018-05-11T15:15:02","date_gmt":"2018-05-11T15:15:02","guid":{"rendered":"http:\/\/deteka.com\/en\/?page_id=665"},"modified":"2018-05-11T15:15:02","modified_gmt":"2018-05-11T15:15:02","slug":"incineration-gaz-treatment","status":"publish","type":"page","link":"https:\/\/deteka.com\/en\/incineration-gaz-treatment\/","title":{"rendered":"INCINERATION GAZ TREATMENT"},"content":{"rendered":"<p>[et_pb_section fb_built=&#8221;1&#8243; _builder_version=&#8221;3.0.94&#8243; custom_padding=&#8221;20px|0px|0px|0px&#8221;][et_pb_row custom_padding=&#8221;0px|0px|15px|0px&#8221; _builder_version=&#8221;3.0.94&#8243;][et_pb_column type=&#8221;4_4&#8243; _builder_version=&#8221;3.0.47&#8243; parallax=&#8221;off&#8221; parallax_method=&#8221;on&#8221;][et_pb_button button_url=&#8221;#&#8221; button_text=&#8221;TRATAMIENTO DEL AGUA&#8221; background_layout=&#8221;dark&#8221; _builder_version=&#8221;3.0.94&#8243; custom_margin=&#8221;|||&#8221; custom_button=&#8221;on&#8221; button_text_size=&#8221;25px&#8221; button_text_color=&#8221;#ffffff&#8221; button_bg_color=&#8221;#000000&#8243; button_border_width=&#8221;2px&#8221; button_font=&#8221;||||||||&#8221; button_icon=&#8221;%%37%%&#8221; button_text_size_last_edited=&#8221;on|desktop&#8221;][\/et_pb_button][\/et_pb_column][\/et_pb_row][\/et_pb_section][et_pb_section fb_built=&#8221;1&#8243; _builder_version=&#8221;3.0.94&#8243; custom_padding=&#8221;0px|0px|0px|0px&#8221;][et_pb_row custom_padding=&#8221;0px|0px|15px|0px&#8221; _builder_version=&#8221;3.0.94&#8243;][et_pb_column type=&#8221;4_4&#8243; _builder_version=&#8221;3.0.47&#8243; parallax=&#8221;off&#8221; parallax_method=&#8221;on&#8221;][et_pb_button button_url=&#8221;#&#8221; button_text=&#8221;APLICACIONES DE LOS EQUIPOS EN EL SECTOR&#8221; background_layout=&#8221;dark&#8221; _builder_version=&#8221;3.0.94&#8243; custom_margin=&#8221;|||&#8221; custom_button=&#8221;on&#8221; button_text_size=&#8221;20px&#8221; button_text_color=&#8221;#ffffff&#8221; button_bg_color=&#8221;#7cda24&#8243; button_border_width=&#8221;2px&#8221; button_font=&#8221;||||||||&#8221; button_icon=&#8221;%%37%%&#8221; button_text_size_last_edited=&#8221;on|desktop&#8221;][\/et_pb_button][\/et_pb_column][\/et_pb_row][\/et_pb_section][et_pb_section fb_built=&#8221;1&#8243; _builder_version=&#8221;3.0.94&#8243; custom_padding=&#8221;0px|0px|0px|0px&#8221;][et_pb_row custom_padding=&#8221;0px|0px|50px|0px&#8221; _builder_version=&#8221;3.0.94&#8243;][et_pb_column type=&#8221;1_2&#8243; _builder_version=&#8221;3.0.47&#8243; parallax=&#8221;off&#8221; parallax_method=&#8221;on&#8221;][et_pb_image src=&#8221;http:\/\/deteka.com\/wp-content\/uploads\/2018\/02\/traitement-fum\u00e9es-chaudi\u00e8re-biomasse.jpg&#8221; _builder_version=&#8221;3.0.94&#8243;][\/et_pb_image][\/et_pb_column][et_pb_column type=&#8221;1_2&#8243; _builder_version=&#8221;3.0.47&#8243; parallax=&#8221;off&#8221; parallax_method=&#8221;on&#8221;][et_pb_text _builder_version=&#8221;3.0.94&#8243;]<\/p>\n<p><strong>FILTRO DE MANGAS PARA EL TRATAMIENTO DE LOS GASES DE CALDERAS DE BIOMASA<\/strong><\/p>\n<p>Experiencia contrastada en nuestras instalaciones de tratamiento de los humos de las calderas de biomasa.<\/p>\n<p>Parte del polvo que llega con el gas se separa en la entrada al filtro, el resto del polvo se recoge en la superficie de la manga, donde se crea una precapa de polvo indispensable para conseguir altas eficacias de separaci\u00f3n.<\/p>\n<p>Las mangas filtrantes se limpian mediante impulsos peri\u00f3dicos de aire comprimido que pasa a los tubos de soplado mediante la apertura de las v\u00e1lvulas de diafragma. Se sopla cada fila de mangas, cre\u00e1ndose un aumento brusco de presi\u00f3n en el interior de las mangas, originando la ca\u00edda del polvo del exterior de las mangas. Las v\u00e1lvulas de membrana son controladas electr\u00f3nicamente permitiendo el ajuste del tiempo de soplado y el impulso a las condiciones de operaci\u00f3n deseadas. El controlador electr\u00f3nico puede ser operado manualmente o autom\u00e1ticamente comandado por la p\u00e9rdida de carga. El controlador autom\u00e1tico mantiene la p\u00e9rdida de carga del filtro constante, optimizando la vida de las mangas y mini\u00admizando el consumo de aire comprimido, especialmente cuando el caudal de gases es variable, adem\u00e1s de conseguir una mayor eficacia de filtraci\u00f3n.<\/p>\n<p>[\/et_pb_text][\/et_pb_column][\/et_pb_row][\/et_pb_section]<\/p>\n","protected":false},"excerpt":{"rendered":"<p>FILTRO DE MANGAS PARA EL TRATAMIENTO DE LOS GASES DE CALDERAS DE BIOMASA Experiencia contrastada en nuestras instalaciones de tratamiento de los humos de las calderas de biomasa. Parte del polvo que llega con el gas se separa en la entrada al filtro, el resto del polvo se recoge en la superficie de la manga, [&hellip;]<\/p>\n","protected":false},"author":1,"featured_media":0,"parent":0,"menu_order":0,"comment_status":"closed","ping_status":"closed","template":"","meta":{"_et_pb_use_builder":"on","_et_pb_old_content":"","_et_gb_content_width":"","_exactmetrics_skip_tracking":false,"_exactmetrics_sitenote_active":false,"_exactmetrics_sitenote_note":"","_exactmetrics_sitenote_category":0,"footnotes":""},"class_list":["post-665","page","type-page","status-publish","hentry"],"_links":{"self":[{"href":"https:\/\/deteka.com\/en\/wp-json\/wp\/v2\/pages\/665","targetHints":{"allow":["GET"]}}],"collection":[{"href":"https:\/\/deteka.com\/en\/wp-json\/wp\/v2\/pages"}],"about":[{"href":"https:\/\/deteka.com\/en\/wp-json\/wp\/v2\/types\/page"}],"author":[{"embeddable":true,"href":"https:\/\/deteka.com\/en\/wp-json\/wp\/v2\/users\/1"}],"replies":[{"embeddable":true,"href":"https:\/\/deteka.com\/en\/wp-json\/wp\/v2\/comments?post=665"}],"version-history":[{"count":1,"href":"https:\/\/deteka.com\/en\/wp-json\/wp\/v2\/pages\/665\/revisions"}],"predecessor-version":[{"id":666,"href":"https:\/\/deteka.com\/en\/wp-json\/wp\/v2\/pages\/665\/revisions\/666"}],"wp:attachment":[{"href":"https:\/\/deteka.com\/en\/wp-json\/wp\/v2\/media?parent=665"}],"curies":[{"name":"wp","href":"https:\/\/api.w.org\/{rel}","templated":true}]}}