{"id":667,"date":"2018-05-11T15:18:33","date_gmt":"2018-05-11T15:18:33","guid":{"rendered":"http:\/\/deteka.com\/en\/?page_id=667"},"modified":"2018-05-11T15:18:33","modified_gmt":"2018-05-11T15:18:33","slug":"air-pollution-control-systems","status":"publish","type":"page","link":"https:\/\/deteka.com\/en\/air-pollution-control-systems\/","title":{"rendered":"AIR POLLUTION CONTROL SYSTEMS"},"content":{"rendered":"<p>[et_pb_section fb_built=&#8221;1&#8243; _builder_version=&#8221;3.0.94&#8243; custom_padding=&#8221;20px|0px|0px|0px&#8221;][et_pb_row custom_padding=&#8221;0px|0px|15px|0px&#8221; _builder_version=&#8221;3.0.94&#8243;][et_pb_column type=&#8221;4_4&#8243; _builder_version=&#8221;3.0.47&#8243; parallax=&#8221;off&#8221; parallax_method=&#8221;on&#8221;][et_pb_button button_url=&#8221;#&#8221; button_text=&#8221;FILTRACION DEL AIRE EN INDUSTRIA&#8221; background_layout=&#8221;dark&#8221; _builder_version=&#8221;3.0.94&#8243; custom_margin=&#8221;|||&#8221; custom_button=&#8221;on&#8221; button_text_size=&#8221;25px&#8221; button_text_color=&#8221;#ffffff&#8221; button_bg_color=&#8221;#0c71c3&#8243; button_border_width=&#8221;2px&#8221; button_font=&#8221;||||||||&#8221; button_icon=&#8221;%%37%%&#8221; button_text_size_last_edited=&#8221;on|desktop&#8221;][\/et_pb_button][\/et_pb_column][\/et_pb_row][\/et_pb_section][et_pb_section fb_built=&#8221;1&#8243; _builder_version=&#8221;3.0.94&#8243; custom_padding=&#8221;0px|0px|0px|0px&#8221;][et_pb_row custom_padding=&#8221;0px|0px|0px|0px&#8221; _builder_version=&#8221;3.0.94&#8243;][et_pb_column type=&#8221;1_2&#8243; _builder_version=&#8221;3.0.47&#8243; parallax=&#8221;off&#8221; parallax_method=&#8221;on&#8221;][et_pb_text _builder_version=&#8221;3.0.94&#8243;]<\/p>\n<div id=\"Txt_1\" class=\"TextoPagina\">\n<p>Empleamos estos equipos para la aspiraci\u00f3n y filtraci\u00f3n de aire contaminado en\u00a0procesos como:<\/p>\n<ul>\n<li>La incineraci\u00f3n de lodos de depuradoras de aguas.<\/li>\n<li>La incineraci\u00f3n de diversos tipos de materiales de biomasa.<\/li>\n<li>Humos creados en industria como la fundici\u00f3n, la galvanizaci\u00f3n, industria cementera, acer\u00edas\u2026etc<\/li>\n<\/ul>\n<p>He aqui un resumen de su funcionamiento:<\/p>\n<p class=\"p4\">Parte del polvo que llega con el gas se separa en la entrada al filtro, el resto del polvo se recoge en la superficie de la manga, donde se crea una precapa de polvo indispensable para conseguir altas eficacias de separaci\u00f3n.<\/p>\n<p class=\"p4\">Las mangas filtrantes se limpian mediante impulsos peri\u00f3dicos de aire comprimido que pasa a los tubos de soplado mediante la apertura de las v\u00e1lvulas de diafragma. Se sopla cada fila de mangas, cre\u00e1ndose un aumento brusco de presi\u00f3n en el interior de las mangas, originando la ca\u00edda del polvo del exterior de las mangas. Las v\u00e1lvulas de membrana son controladas electr\u00f3nicamente permitiendo el ajuste del tiempo de soplado y el impulso a las condiciones de operaci\u00f3n deseadas. El controlador electr\u00f3nico puede ser operado manualmente o autom\u00e1ticamente comandado por la p\u00e9rdida de carga. El controlador autom\u00e1tico mantiene la p\u00e9rdida de carga del filtro constante, optimizando la vida de las mangas y mini\u00admizando el consumo de aire comprimido, especialmente cuando el caudal de gases es variable, adem\u00e1s de conseguir una mayor eficacia de filtraci\u00f3n.<\/p>\n<p class=\"p4\">\n<\/div>\n<div id=\"Txt_2\" class=\"TextoPagina\">\n<p class=\"p4\">La descarga de polvo se realiza con tornillos sinf\u00edn y v\u00e1lvulas rotativas o de doble clapeta.<\/p>\n<\/div>\n<div id=\"Txt_3\" class=\"TextoPagina\">\n<p>Los filtros de c\u00e1maras independientes permiten aislar peri\u00f3dicamente una c\u00e1mara, donde se efect\u00faa la limpieza de la misma. En la entrada de cada c\u00e1mara dispone de una v\u00e1lvula de mariposa y a la salida de una v\u00e1lvula popet, permitiendo aislar perfectamente esa c\u00e1mara y hacer el mantenimiento de la misma, sin necesidad de bypasear el filtro. En este tipo de filtro se utiliza mangas de hasta 7 m. de longitud, lo que permite ir a superficies filtrantes muy elevadas 12.000 m2 o m\u00e1s si se requiere. Se utiliza principalmente para filtrar emisiones procedentes de procesos como Incineraci\u00f3n de residuos urbanos, Calderas de carb\u00f3n, Calderas de biomasa, Industria Cementera, Acer\u00edas.<\/p>\n<\/div>\n<p>[\/et_pb_text][\/et_pb_column][et_pb_column type=&#8221;1_2&#8243; _builder_version=&#8221;3.0.47&#8243; parallax=&#8221;off&#8221; parallax_method=&#8221;on&#8221;][et_pb_image src=&#8221;http:\/\/deteka.com\/wp-content\/uploads\/2018\/02\/filtros-aire-5.gif&#8221; _builder_version=&#8221;3.0.94&#8243;][\/et_pb_image][et_pb_image src=&#8221;http:\/\/deteka.com\/wp-content\/uploads\/2018\/02\/d\u00e9poussi\u00e9rage-800&#215;500.png&#8221; _builder_version=&#8221;3.0.94&#8243;][\/et_pb_image][\/et_pb_column][\/et_pb_row][\/et_pb_section][et_pb_section fb_built=&#8221;1&#8243; _builder_version=&#8221;3.0.94&#8243; custom_padding=&#8221;64px|0px|0px|0px&#8221;][et_pb_row custom_padding=&#8221;0px|0px|15px|0px&#8221; _builder_version=&#8221;3.0.94&#8243;][et_pb_column type=&#8221;4_4&#8243; _builder_version=&#8221;3.0.47&#8243; parallax=&#8221;off&#8221; parallax_method=&#8221;on&#8221;][et_pb_button button_url=&#8221;#&#8221; button_text=&#8221;GAMA DE LOS EQUIPOS&#8221; background_layout=&#8221;dark&#8221; _builder_version=&#8221;3.0.94&#8243; custom_margin=&#8221;|||&#8221; custom_button=&#8221;on&#8221; button_text_size=&#8221;20px&#8221; button_text_color=&#8221;#ffffff&#8221; button_bg_color=&#8221;#7cda24&#8243; button_border_width=&#8221;2px&#8221; button_font=&#8221;||||||||&#8221; button_icon=&#8221;%%37%%&#8221; button_text_size_last_edited=&#8221;on|desktop&#8221;][\/et_pb_button][\/et_pb_column][\/et_pb_row][\/et_pb_section][et_pb_section fb_built=&#8221;1&#8243; _builder_version=&#8221;3.0.94&#8243; custom_padding=&#8221;0px|0px|0px|0px&#8221;][et_pb_row custom_padding=&#8221;0px|0px|0px|0px&#8221; _builder_version=&#8221;3.0.94&#8243;][et_pb_column type=&#8221;1_2&#8243; _builder_version=&#8221;3.0.47&#8243; parallax=&#8221;off&#8221; parallax_method=&#8221;on&#8221;][et_pb_text _builder_version=&#8221;3.0.94&#8243;]<\/p>\n<h3>FILTROS DE MANGAS<\/h3>\n<p>Empleamos estos equipos para la aspiraci\u00f3n y filtraci\u00f3n de aire contaminado en\u00a0procesos como:<\/p>\n<ul>\n<li>La incineraci\u00f3n de lodos de depuradoras de aguas.<\/li>\n<li>La incineraci\u00f3n de diversos tipos de materiales de biomasa.<\/li>\n<li>Humos creados en industria como la fundici\u00f3n, la galvanizaci\u00f3n, industria cementera, acer\u00edas\u2026etc<\/li>\n<\/ul>\n<p>[\/et_pb_text][\/et_pb_column][et_pb_column type=&#8221;1_2&#8243; _builder_version=&#8221;3.0.47&#8243; parallax=&#8221;off&#8221; parallax_method=&#8221;on&#8221;][et_pb_image src=&#8221;http:\/\/deteka.com\/wp-content\/uploads\/2018\/02\/filtros-aire-4.gif&#8221; _builder_version=&#8221;3.0.94&#8243; animation_style=&#8221;slide&#8221;][\/et_pb_image][\/et_pb_column][\/et_pb_row][\/et_pb_section][et_pb_section fb_built=&#8221;1&#8243; _builder_version=&#8221;3.0.94&#8243; custom_padding=&#8221;50px|0px|0px|0px&#8221;][et_pb_row custom_padding=&#8221;0px|0px|0px|0px&#8221; _builder_version=&#8221;3.0.94&#8243;][et_pb_column type=&#8221;1_2&#8243; _builder_version=&#8221;3.0.47&#8243; parallax=&#8221;off&#8221; parallax_method=&#8221;on&#8221;][et_pb_text _builder_version=&#8221;3.0.94&#8243;]<\/p>\n<h3>FILTROS CERAMICOS<\/h3>\n<p>Los filtros cer\u00e1micos de baja densidad es una nueva tecnolog\u00eda de filtraci\u00f3n con la cual se ha demostrado conseguir los menores niveles de emisi\u00f3n de part\u00edculas s\u00f3lidas a la atm\u00f3sfera.<\/p>\n<p><strong>PRINCIPALES VENTAJAS DE LOS FILTROS CERAMICOS<\/strong><\/p>\n<ul>\n<li>Temperaturas de filtraci\u00f3n m\u00e1s elevadas hasta 900\u00baC.<\/li>\n<li>Mejor resistencia a la corrosi\u00f3n y al ataque \u00e1cido.<\/li>\n<li>Velocidades de filtraci\u00f3n m\u00e1s elevadas.<\/li>\n<li>Total resistencia a chispas y part\u00edculas incandescentes.<\/li>\n<li>Capacidad elevada para la retenci\u00f3n de gases \u00e1cidos.<\/li>\n<li>Vida de los cartuchos cer\u00e1micos m\u00e1s larga.<\/li>\n<li>Mayor eficacia de filtraci\u00f3n.<\/li>\n<\/ul>\n<p>[\/et_pb_text][\/et_pb_column][et_pb_column type=&#8221;1_2&#8243; _builder_version=&#8221;3.0.47&#8243; parallax=&#8221;off&#8221; parallax_method=&#8221;on&#8221;][et_pb_image src=&#8221;http:\/\/deteka.com\/wp-content\/uploads\/2018\/02\/Filtro-cer\u00e1mico-en-caldera-de-residuos-petroqu\u00edmicos.jpg&#8221; _builder_version=&#8221;3.0.94&#8243; animation_style=&#8221;slide&#8221;][\/et_pb_image][\/et_pb_column][\/et_pb_row][\/et_pb_section][et_pb_section fb_built=&#8221;1&#8243; _builder_version=&#8221;3.0.94&#8243; custom_padding=&#8221;50px|0px|50px|0px&#8221;][et_pb_row custom_padding=&#8221;0px|0px|50px|0px&#8221; _builder_version=&#8221;3.0.94&#8243;][et_pb_column type=&#8221;1_2&#8243; _builder_version=&#8221;3.0.47&#8243; parallax=&#8221;off&#8221; parallax_method=&#8221;on&#8221;][et_pb_text _builder_version=&#8221;3.0.94&#8243;]<\/p>\n<h3>FILTROS DE CARTUCHOS<\/h3>\n<p>El filtro de cartuchos es un filtro de limpieza autom\u00e1tica mediante impulsos de aire comprimido y sirve para la separaci\u00f3n de polvos secos del aire. Debido a la forma en estrella del cartucho se consigue una mayor superficie de filtraci\u00f3n con un m\u00ednimo de espacio ocupado del filtro. Se consiguen elevados rendimientos de separaci\u00f3n incluso con polvos extre\u00admadamente finos. El mantenimiento del filtro se rea\u00adliza desde la parte limpia del mismo.<\/p>\n<p>[\/et_pb_text][\/et_pb_column][et_pb_column type=&#8221;1_2&#8243; _builder_version=&#8221;3.0.47&#8243; parallax=&#8221;off&#8221; parallax_method=&#8221;on&#8221;][et_pb_image src=&#8221;http:\/\/deteka.com\/wp-content\/uploads\/2018\/02\/Filtro-Cartuchos.jpg&#8221; align=&#8221;center&#8221; _builder_version=&#8221;3.0.94&#8243; animation_style=&#8221;slide&#8221;][\/et_pb_image][\/et_pb_column][\/et_pb_row][et_pb_row custom_padding=&#8221;0px|0px|0px|0px&#8221; _builder_version=&#8221;3.0.94&#8243;][et_pb_column type=&#8221;1_2&#8243; _builder_version=&#8221;3.0.47&#8243; parallax=&#8221;off&#8221; parallax_method=&#8221;on&#8221;][et_pb_text _builder_version=&#8221;3.0.94&#8243;]<\/p>\n<h3>CICLONES Y MULTICICLONES<\/h3>\n<h2>Ciclones<\/h2>\n<p>El gas entra por el cicl\u00f3n de forma tangencial. Al aumentar la velocidad perif\u00e9rica y las fuerzas centr\u00edfugas, hacen que las part\u00edculas m\u00e1s gruesas salgan por la parte inferior y el aire limpio por la parte superior. Para determinar la eficacia de los ciclones, se tienen en cuenta las dimensiones de los ciclones y las propiedades f\u00edsicas de gases y part\u00edculas<\/p>\n<h2>Multiciclones<\/h2>\n<p>El separador multicicl\u00f3nico se ha dise\u00f1ado para conseguir elevadas eficacias de separaci\u00f3n para caudales de gases elevados. Esta elevada eficacia se consigue a trav\u00e9s de ciclones de muy peque\u00f1o di\u00e1metro que unidos forman una unidad compacta. En operaci\u00f3n el gas con el polvo entra a las celdas colectoras axialmente a trav\u00e9s de rodetes est\u00e1ticos. Los alabes curvados del rodete hacen una centrifugaci\u00f3n en el polvo, que se deposita en una tolva mientras que el gas limpio sale por la parte superior. Tanto los ciclones como los rodetes est\u00e1ticos est\u00e1n construidos en acero fundido, por lo que dependiendo de la aleaci\u00f3n que se construya pueden tener una gran resistencia a la abrasi\u00f3n<\/p>\n<p>[\/et_pb_text][\/et_pb_column][et_pb_column type=&#8221;1_2&#8243; _builder_version=&#8221;3.0.47&#8243; parallax=&#8221;off&#8221; parallax_method=&#8221;on&#8221;][et_pb_image src=&#8221;http:\/\/deteka.com\/wp-content\/uploads\/2018\/02\/cicl\u00f3n-300&#215;300.jpg&#8221; align=&#8221;center&#8221; _builder_version=&#8221;3.0.94&#8243; animation_style=&#8221;slide&#8221;][\/et_pb_image][\/et_pb_column][\/et_pb_row][et_pb_row custom_padding=&#8221;50px|0px|50px|0px&#8221; _builder_version=&#8221;3.0.94&#8243;][et_pb_column type=&#8221;1_2&#8243; _builder_version=&#8221;3.0.47&#8243; parallax=&#8221;off&#8221; parallax_method=&#8221;on&#8221;][et_pb_text _builder_version=&#8221;3.0.94&#8243;]<\/p>\n<h3>ELECTROFILTROS<\/h3>\n<p><strong>Conservaci\u00f3n de energ\u00eda<\/strong><\/p>\n<p>Nuestros precipitadores electrost\u00e1ticos tienen una baja p\u00e9rdida de carga, por lo que las energ\u00edas consumidas por los ventiladores son inferiores en comparaci\u00f3n con otros tipos de filtraci\u00f3n, adem\u00e1s de ser baja al principio, se mantiene baja en el tiempo. La elevada eficacia de separaci\u00f3n de los precipitadores electrost\u00e1ticos FIVEMASA permite la recirculaci\u00f3n del aire tratado en ellos, por lo que no es necesario gastar en calentar el local, con otros sistemas de filtraci\u00f3n es preciso extraer el aire utilizado en captar los contaminantes, por su menor eficacia<\/p>\n<p>[\/et_pb_text][\/et_pb_column][et_pb_column type=&#8221;1_2&#8243; _builder_version=&#8221;3.0.47&#8243; parallax=&#8221;off&#8221; parallax_method=&#8221;on&#8221;][et_pb_image src=&#8221;http:\/\/deteka.com\/wp-content\/uploads\/2018\/02\/filtraci\u00f3n-humos-soldadura.jpg&#8221; align=&#8221;center&#8221; _builder_version=&#8221;3.0.94&#8243; animation_style=&#8221;slide&#8221;][\/et_pb_image][\/et_pb_column][\/et_pb_row][et_pb_row custom_padding=&#8221;0px|0px|0px|0px&#8221; _builder_version=&#8221;3.0.94&#8243;][et_pb_column type=&#8221;1_2&#8243; _builder_version=&#8221;3.0.47&#8243; parallax=&#8221;off&#8221; parallax_method=&#8221;on&#8221;][et_pb_text _builder_version=&#8221;3.0.94&#8243;]<\/p>\n<h3>OXIDACION TERMICA REGENERATIVA<\/h3>\n<p>La oxidaci\u00f3n t\u00e9rmica regenerativa (OTR) es una reacci\u00f3n qu\u00edmica en la que en determinadas condiciones de temperatura y tiempo de residencia, determinados compuestos hidrocarbonados reaccionan con el ox\u00edgeno para producir CO2, H2O (v) y una cantidad de calor (Q) que depender\u00e1 de la concentraci\u00f3n de los compuestos, as\u00ed como de su naturaleza y poder calor\u00edfico espec\u00edfico.<\/p>\n<p>[\/et_pb_text][\/et_pb_column][et_pb_column type=&#8221;1_2&#8243; _builder_version=&#8221;3.0.47&#8243; parallax=&#8221;off&#8221; parallax_method=&#8221;on&#8221;][et_pb_image src=&#8221;http:\/\/deteka.com\/wp-content\/uploads\/2018\/02\/oxidaci\u00f3n-t\u00e9rmica-regenerativa.jpg&#8221; align=&#8221;center&#8221; _builder_version=&#8221;3.0.94&#8243; animation_style=&#8221;slide&#8221;][\/et_pb_image][\/et_pb_column][\/et_pb_row][\/et_pb_section]<\/p>\n","protected":false},"excerpt":{"rendered":"<p>Empleamos estos equipos para la aspiraci\u00f3n y filtraci\u00f3n de aire contaminado en\u00a0procesos como: La incineraci\u00f3n de lodos de depuradoras de aguas. La incineraci\u00f3n de diversos tipos de materiales de biomasa. Humos creados en industria como la fundici\u00f3n, la galvanizaci\u00f3n, industria cementera, acer\u00edas\u2026etc He aqui un resumen de su funcionamiento: Parte del polvo que llega con [&hellip;]<\/p>\n","protected":false},"author":1,"featured_media":0,"parent":0,"menu_order":0,"comment_status":"closed","ping_status":"closed","template":"","meta":{"_et_pb_use_builder":"on","_et_pb_old_content":"","_et_gb_content_width":"","_exactmetrics_skip_tracking":false,"_exactmetrics_sitenote_active":false,"_exactmetrics_sitenote_note":"","_exactmetrics_sitenote_category":0,"footnotes":""},"class_list":["post-667","page","type-page","status-publish","hentry"],"_links":{"self":[{"href":"https:\/\/deteka.com\/en\/wp-json\/wp\/v2\/pages\/667","targetHints":{"allow":["GET"]}}],"collection":[{"href":"https:\/\/deteka.com\/en\/wp-json\/wp\/v2\/pages"}],"about":[{"href":"https:\/\/deteka.com\/en\/wp-json\/wp\/v2\/types\/page"}],"author":[{"embeddable":true,"href":"https:\/\/deteka.com\/en\/wp-json\/wp\/v2\/users\/1"}],"replies":[{"embeddable":true,"href":"https:\/\/deteka.com\/en\/wp-json\/wp\/v2\/comments?post=667"}],"version-history":[{"count":1,"href":"https:\/\/deteka.com\/en\/wp-json\/wp\/v2\/pages\/667\/revisions"}],"predecessor-version":[{"id":668,"href":"https:\/\/deteka.com\/en\/wp-json\/wp\/v2\/pages\/667\/revisions\/668"}],"wp:attachment":[{"href":"https:\/\/deteka.com\/en\/wp-json\/wp\/v2\/media?parent=667"}],"curies":[{"name":"wp","href":"https:\/\/api.w.org\/{rel}","templated":true}]}}