{"id":669,"date":"2018-05-11T15:19:52","date_gmt":"2018-05-11T15:19:52","guid":{"rendered":"http:\/\/deteka.com\/en\/?page_id=669"},"modified":"2018-05-11T15:19:52","modified_gmt":"2018-05-11T15:19:52","slug":"pipeline-installations","status":"publish","type":"page","link":"https:\/\/deteka.com\/en\/pipeline-installations\/","title":{"rendered":"PIPELINE INSTALLATIONS"},"content":{"rendered":"<p>[et_pb_section fb_built=&#8221;1&#8243; _builder_version=&#8221;3.0.94&#8243; custom_padding=&#8221;20px|0px|0px|0px&#8221;][et_pb_row custom_padding=&#8221;0px|0px|15px|0px&#8221; _builder_version=&#8221;3.0.94&#8243;][et_pb_column type=&#8221;4_4&#8243; _builder_version=&#8221;3.0.47&#8243; parallax=&#8221;off&#8221; parallax_method=&#8221;on&#8221;][et_pb_button button_url=&#8221;#&#8221; button_text=&#8221;MONTAJE DE TUBERIAS&#8221; background_layout=&#8221;dark&#8221; _builder_version=&#8221;3.0.94&#8243; custom_margin=&#8221;|||&#8221; custom_button=&#8221;on&#8221; button_text_size=&#8221;25px&#8221; button_text_color=&#8221;#ffffff&#8221; button_bg_color=&#8221;#0c71c3&#8243; button_border_width=&#8221;2px&#8221; button_font=&#8221;||||||||&#8221; button_icon=&#8221;%%37%%&#8221; button_text_size_last_edited=&#8221;on|desktop&#8221;][\/et_pb_button][\/et_pb_column][\/et_pb_row][\/et_pb_section][et_pb_section fb_built=&#8221;1&#8243; _builder_version=&#8221;3.0.94&#8243; custom_padding=&#8221;0px|0px|0px|0px&#8221;][et_pb_row custom_padding=&#8221;0px|0px|0px|0px&#8221; _builder_version=&#8221;3.0.94&#8243;][et_pb_column type=&#8221;1_2&#8243; _builder_version=&#8221;3.0.47&#8243; parallax=&#8221;off&#8221; parallax_method=&#8221;on&#8221;][et_pb_text _builder_version=&#8221;3.0.94&#8243;]<\/p>\n<h3><strong>DISE\u00d1O, FABRICACI\u00d3N Y MONTAJE DE TUBERIAS:<\/strong><\/h3>\n<ul>\n<li>ACERO-PRFV-PP-PEDH<\/li>\n<li>Para aspiracion y ventilaci\u00f3n de gases<\/li>\n<li>Para trasnsporte de fluidos<\/li>\n<li>Tuber\u00edas r\u00edgidas y flexibles<\/li>\n<li>Tuber\u00edas a\u00e9reas, enterradas<\/li>\n<li>Notas de c\u00e1lculo e isom\u00e9tricos detallados<\/li>\n<\/ul>\n<p>Muchas veces el vehicular fluidos agresivos y corrosivos, se convierte en un aut\u00e9ntico problema en los procesos industriales de toda \u00edndole.<\/p>\n<p>Nuestra empresa, dispone de los medios y del personal adecuados para poder ofrecerles asesoramiento en este tipo de montajes, orient\u00e1ndoles tanto en el dise\u00f1o de las l\u00edneas de tuber\u00edas (elecci\u00f3n del material, soportaci\u00f3n m\u00e1s conveniente, \u2026etc ), como en la ejecuci\u00f3n de estas en campo.<\/p>\n<p>[\/et_pb_text][\/et_pb_column][et_pb_column type=&#8221;1_2&#8243; _builder_version=&#8221;3.0.47&#8243; parallax=&#8221;off&#8221; parallax_method=&#8221;on&#8221;][et_pb_image src=&#8221;http:\/\/deteka.com\/wp-content\/uploads\/2018\/02\/montaje-tuberia-2.gif&#8221; _builder_version=&#8221;3.0.94&#8243;][\/et_pb_image][\/et_pb_column][\/et_pb_row][\/et_pb_section][et_pb_section fb_built=&#8221;1&#8243; _builder_version=&#8221;3.0.94&#8243; custom_padding=&#8221;64px|0px|0px|0px&#8221;][et_pb_row custom_padding=&#8221;0px|0px|15px|0px&#8221; _builder_version=&#8221;3.0.94&#8243;][et_pb_column type=&#8221;4_4&#8243; _builder_version=&#8221;3.0.47&#8243; parallax=&#8221;off&#8221; parallax_method=&#8221;on&#8221;][et_pb_button button_url=&#8221;#&#8221; button_text=&#8221;GAMA DE LOS EQUIPOS&#8221; background_layout=&#8221;dark&#8221; _builder_version=&#8221;3.0.94&#8243; custom_margin=&#8221;|||&#8221; custom_button=&#8221;on&#8221; button_text_size=&#8221;20px&#8221; button_text_color=&#8221;#ffffff&#8221; button_bg_color=&#8221;#7cda24&#8243; button_border_width=&#8221;2px&#8221; button_font=&#8221;||||||||&#8221; button_icon=&#8221;%%37%%&#8221; button_text_size_last_edited=&#8221;on|desktop&#8221;][\/et_pb_button][\/et_pb_column][\/et_pb_row][\/et_pb_section][et_pb_section fb_built=&#8221;1&#8243; _builder_version=&#8221;3.0.94&#8243; custom_padding=&#8221;0px|0px|0px|0px&#8221;][et_pb_row custom_padding=&#8221;0px|0px|0px|0px&#8221; _builder_version=&#8221;3.0.94&#8243;][et_pb_column type=&#8221;1_2&#8243; _builder_version=&#8221;3.0.47&#8243; parallax=&#8221;off&#8221; parallax_method=&#8221;on&#8221;][et_pb_text _builder_version=&#8221;3.0.94&#8243;]<\/p>\n<h3><strong>TUBERIA PLASTICA PARA ASPIRACION Y VENTILACION<\/strong><\/h3>\n<ul>\n<li>Dise\u00f1o, fabricaci\u00f3n, suministro e instalaci\u00f3n.<\/li>\n<li>Notas de c\u00e1lculo<\/li>\n<li>Planos isom\u00e9tricos<\/li>\n<li>Sistemas de dilataci\u00f3n<\/li>\n<li>Puertas de visita<\/li>\n<li>Accesorios varios (purgas, v\u00e1lvuleria\u2026etc)<\/li>\n<\/ul>\n<p>[\/et_pb_text][\/et_pb_column][et_pb_column type=&#8221;1_2&#8243; _builder_version=&#8221;3.0.47&#8243; parallax=&#8221;off&#8221; parallax_method=&#8221;on&#8221;][et_pb_image src=&#8221;http:\/\/deteka.com\/wp-content\/uploads\/2018\/02\/tuberia-pehd.jpg&#8221; _builder_version=&#8221;3.0.94&#8243; animation_style=&#8221;slide&#8221;][\/et_pb_image][\/et_pb_column][\/et_pb_row][\/et_pb_section][et_pb_section fb_built=&#8221;1&#8243; _builder_version=&#8221;3.0.94&#8243; custom_padding=&#8221;50px|0px|0px|0px&#8221;][et_pb_row custom_padding=&#8221;0px|0px|0px|0px&#8221; _builder_version=&#8221;3.0.94&#8243;][et_pb_column type=&#8221;1_2&#8243; _builder_version=&#8221;3.0.47&#8243; parallax=&#8221;off&#8221; parallax_method=&#8221;on&#8221;][et_pb_text _builder_version=&#8221;3.0.94&#8243;]<\/p>\n<h3><strong>TUBERIA PLASTICA PARA TRANSPORTE DE REACTIVOS<\/strong><\/h3>\n<ul>\n<li>Dise\u00f1o, fabricaci\u00f3n, suministro e instalaci\u00f3n.<\/li>\n<li>Notas de c\u00e1lculo<\/li>\n<li>Planos isom\u00e9tricos<\/li>\n<li>Sistemas de dilataci\u00f3n<\/li>\n<li>Puertas de visita<\/li>\n<li>Accesorios varios (purgas, v\u00e1lvuleria\u2026etc)<\/li>\n<\/ul>\n<p>[\/et_pb_text][\/et_pb_column][et_pb_column type=&#8221;1_2&#8243; _builder_version=&#8221;3.0.47&#8243; parallax=&#8221;off&#8221; parallax_method=&#8221;on&#8221;][et_pb_image src=&#8221;http:\/\/deteka.com\/wp-content\/uploads\/2018\/02\/montaje-tuberia-3.gif&#8221; _builder_version=&#8221;3.0.94&#8243; animation_style=&#8221;slide&#8221;][\/et_pb_image][\/et_pb_column][\/et_pb_row][\/et_pb_section][et_pb_section fb_built=&#8221;1&#8243; _builder_version=&#8221;3.0.94&#8243; custom_padding=&#8221;50px|0px|50px|0px&#8221;][et_pb_row custom_padding=&#8221;0px|0px|0px|0px&#8221; _builder_version=&#8221;3.0.94&#8243;][et_pb_column type=&#8221;1_2&#8243; _builder_version=&#8221;3.0.47&#8243; parallax=&#8221;off&#8221; parallax_method=&#8221;on&#8221;][et_pb_text _builder_version=&#8221;3.0.94&#8243;]<\/p>\n<h3><strong>TUBERIA PLASTICA PARA TRANSPORTE DE FLUIDOS ESPECIFICOS<\/strong><\/h3>\n<p>CONSULTE NUESTRAS POSIBLIDADES. En la foto ejemplo de instalaci\u00f3n para buques pesqueros y almacenamiento y transporte de pescado.<\/p>\n<ul>\n<li>Dise\u00f1o, fabricaci\u00f3n, suministro e instalaci\u00f3n.<\/li>\n<li>Notas de c\u00e1lculo<\/li>\n<li>Planos isom\u00e9tricos<\/li>\n<li>Sistemas de dilataci\u00f3n<\/li>\n<li>Puertas de visita<\/li>\n<li>Accesorios varios (purgas, v\u00e1lvuleria\u2026etc)<\/li>\n<\/ul>\n<p>[\/et_pb_text][\/et_pb_column][et_pb_column type=&#8221;1_2&#8243; _builder_version=&#8221;3.0.47&#8243; parallax=&#8221;off&#8221; parallax_method=&#8221;on&#8221;][et_pb_image src=&#8221;http:\/\/deteka.com\/wp-content\/uploads\/2018\/02\/montaje-tuberia-5.gif&#8221; _builder_version=&#8221;3.0.94&#8243; animation_style=&#8221;slide&#8221;][\/et_pb_image][\/et_pb_column][\/et_pb_row][\/et_pb_section][et_pb_section fb_built=&#8221;1&#8243; _builder_version=&#8221;3.0.94&#8243; custom_padding=&#8221;50px|0px|50px|0px&#8221;][et_pb_row custom_padding=&#8221;0px|0px|0px|0px&#8221; _builder_version=&#8221;3.0.94&#8243;][et_pb_column type=&#8221;1_2&#8243; _builder_version=&#8221;3.0.47&#8243; parallax=&#8221;off&#8221; parallax_method=&#8221;on&#8221;][et_pb_text _builder_version=&#8221;3.0.94&#8243;]<\/p>\n<h3><strong>TUBERIA FLEXIBLE PARA VENTILACION<\/strong><\/h3>\n<p>Suministro e instalaci\u00f3n de sistemas de tuberias flexibles para ventilaci\u00f3n de estancias cerradas.<\/p>\n<p>F\u00e1cil instalaci\u00f3n mediante soportes y cableados.<\/p>\n<p>[\/et_pb_text][\/et_pb_column][et_pb_column type=&#8221;1_2&#8243; _builder_version=&#8221;3.0.47&#8243; parallax=&#8221;off&#8221; parallax_method=&#8221;on&#8221;][et_pb_image src=&#8221;http:\/\/deteka.com\/wp-content\/uploads\/2018\/02\/tuberia-flexible-1.jpg&#8221; _builder_version=&#8221;3.0.94&#8243; animation_style=&#8221;slide&#8221;][\/et_pb_image][\/et_pb_column][\/et_pb_row][\/et_pb_section]<\/p>\n","protected":false},"excerpt":{"rendered":"<p>DISE\u00d1O, FABRICACI\u00d3N Y MONTAJE DE TUBERIAS: ACERO-PRFV-PP-PEDH Para aspiracion y ventilaci\u00f3n de gases Para trasnsporte de fluidos Tuber\u00edas r\u00edgidas y flexibles Tuber\u00edas a\u00e9reas, enterradas Notas de c\u00e1lculo e isom\u00e9tricos detallados Muchas veces el vehicular fluidos agresivos y corrosivos, se convierte en un aut\u00e9ntico problema en los procesos industriales de toda \u00edndole. Nuestra empresa, dispone de [&hellip;]<\/p>\n","protected":false},"author":1,"featured_media":0,"parent":0,"menu_order":0,"comment_status":"closed","ping_status":"closed","template":"","meta":{"_et_pb_use_builder":"on","_et_pb_old_content":"","_et_gb_content_width":"","_exactmetrics_skip_tracking":false,"_exactmetrics_sitenote_active":false,"_exactmetrics_sitenote_note":"","_exactmetrics_sitenote_category":0,"footnotes":""},"class_list":["post-669","page","type-page","status-publish","hentry"],"_links":{"self":[{"href":"https:\/\/deteka.com\/en\/wp-json\/wp\/v2\/pages\/669","targetHints":{"allow":["GET"]}}],"collection":[{"href":"https:\/\/deteka.com\/en\/wp-json\/wp\/v2\/pages"}],"about":[{"href":"https:\/\/deteka.com\/en\/wp-json\/wp\/v2\/types\/page"}],"author":[{"embeddable":true,"href":"https:\/\/deteka.com\/en\/wp-json\/wp\/v2\/users\/1"}],"replies":[{"embeddable":true,"href":"https:\/\/deteka.com\/en\/wp-json\/wp\/v2\/comments?post=669"}],"version-history":[{"count":1,"href":"https:\/\/deteka.com\/en\/wp-json\/wp\/v2\/pages\/669\/revisions"}],"predecessor-version":[{"id":670,"href":"https:\/\/deteka.com\/en\/wp-json\/wp\/v2\/pages\/669\/revisions\/670"}],"wp:attachment":[{"href":"https:\/\/deteka.com\/en\/wp-json\/wp\/v2\/media?parent=669"}],"curies":[{"name":"wp","href":"https:\/\/api.w.org\/{rel}","templated":true}]}}