{"id":673,"date":"2018-05-11T15:21:32","date_gmt":"2018-05-11T15:21:32","guid":{"rendered":"http:\/\/deteka.com\/en\/?page_id=673"},"modified":"2018-05-11T15:21:32","modified_gmt":"2018-05-11T15:21:32","slug":"surface-treatment-equipments","status":"publish","type":"page","link":"https:\/\/deteka.com\/en\/surface-treatment-equipments\/","title":{"rendered":"SURFACE TREATMENT EQUIPMENTS"},"content":{"rendered":"<p>[et_pb_section fb_built=&#8221;1&#8243; _builder_version=&#8221;3.0.94&#8243; custom_padding=&#8221;20px|0px|0px|0px&#8221;][et_pb_row custom_padding=&#8221;0px|0px|15px|0px&#8221; _builder_version=&#8221;3.0.94&#8243;][et_pb_column type=&#8221;4_4&#8243; _builder_version=&#8221;3.0.47&#8243; parallax=&#8221;off&#8221; parallax_method=&#8221;on&#8221;][et_pb_button button_url=&#8221;#&#8221; button_text=&#8221;TRATAMIENTO DEL AGUA&#8221; background_layout=&#8221;dark&#8221; _builder_version=&#8221;3.0.94&#8243; custom_margin=&#8221;|||&#8221; custom_button=&#8221;on&#8221; button_text_size=&#8221;25px&#8221; button_text_color=&#8221;#ffffff&#8221; button_bg_color=&#8221;#000000&#8243; button_border_width=&#8221;2px&#8221; button_font=&#8221;||||||||&#8221; button_icon=&#8221;%%37%%&#8221; button_text_size_last_edited=&#8221;on|desktop&#8221;][\/et_pb_button][\/et_pb_column][\/et_pb_row][\/et_pb_section][et_pb_section fb_built=&#8221;1&#8243; _builder_version=&#8221;3.0.94&#8243; custom_padding=&#8221;0px|0px|0px|0px&#8221;][et_pb_row custom_padding=&#8221;0px|0px|15px|0px&#8221; _builder_version=&#8221;3.0.94&#8243;][et_pb_column type=&#8221;4_4&#8243; _builder_version=&#8221;3.0.47&#8243; parallax=&#8221;off&#8221; parallax_method=&#8221;on&#8221;][et_pb_button button_url=&#8221;#&#8221; button_text=&#8221;APLICACIONES DE LOS EQUIPOS EN EL SECTOR&#8221; background_layout=&#8221;dark&#8221; _builder_version=&#8221;3.0.94&#8243; custom_margin=&#8221;|||&#8221; custom_button=&#8221;on&#8221; button_text_size=&#8221;20px&#8221; button_text_color=&#8221;#ffffff&#8221; button_bg_color=&#8221;#7cda24&#8243; button_border_width=&#8221;2px&#8221; button_font=&#8221;||||||||&#8221; button_icon=&#8221;%%37%%&#8221; button_text_size_last_edited=&#8221;on|desktop&#8221;][\/et_pb_button][\/et_pb_column][\/et_pb_row][\/et_pb_section][et_pb_section fb_built=&#8221;1&#8243; _builder_version=&#8221;3.0.94&#8243; custom_padding=&#8221;0px|0px|0px|0px&#8221;][et_pb_row custom_padding=&#8221;0px|0px|50px|0px&#8221; _builder_version=&#8221;3.0.94&#8243;][et_pb_column type=&#8221;1_2&#8243; _builder_version=&#8221;3.0.47&#8243; parallax=&#8221;off&#8221; parallax_method=&#8221;on&#8221;][et_pb_image src=&#8221;http:\/\/deteka.com\/wp-content\/uploads\/2018\/02\/equipements-galvanisation-a-chaud.jpg&#8221; _builder_version=&#8221;3.0.94&#8243;][\/et_pb_image][\/et_pb_column][et_pb_column type=&#8221;1_2&#8243; _builder_version=&#8221;3.0.47&#8243; parallax=&#8221;off&#8221; parallax_method=&#8221;on&#8221;][et_pb_text _builder_version=&#8221;3.0.94&#8243;]<\/p>\n<h3><strong>EQUIPOS PARA GALVANIZACION EN CALIENTE<\/strong><\/h3>\n<p><strong style=\"font-size: 14px;\">FILTRO DE MANGAS PARA EL BA\u00d1O DE ZINC<\/strong><\/p>\n<p>Aspiraci\u00f3n y filtraci\u00f3n de los humos del ba\u00f1o de galvanizado asegurando la longevidad de las mangas y reducci\u00f3n al m\u00e1ximo el consumo el\u00e9ctrico y neum\u00e1tico.<\/p>\n<p><strong>CAMPANA DE CAPTACI\u00d3N PARA EL BA\u00d1O DE ZINC<\/strong><\/p>\n<p>Dise\u00f1o, fabricaci\u00f3n y montaje de la mejor soluci\u00f3n adaptado a cada ba\u00f1o de galvanizaci\u00f3n seg\u00fan sus dimensiones, tipo de pieza, disposici\u00f3n de entrada longitudinal o transversal. Optimizamos el sistema para obtener un cerramiento ag\u00edl y productivo y de facil mantenimiento.<\/p>\n<p><strong>CUBAS PARA EL DECAPADO<\/strong><\/p>\n<p>Dise\u00f1o, fabricaci\u00f3n e instalaci\u00f3n de cubas para el decapado reforzadas en su interior con estructura de acero.<\/p>\n<p><strong>CERRAMIENTO DE CUBAS DE DECAPADO<\/strong><\/p>\n<p>Mediante cerramientos generales de la zona de pretratamiento o mediante cierres automatizados con accionamiento neum\u00e1tico.<\/p>\n<p><strong>SCRUBBER: ABSORCION Y TRATAMIENTO DE GASES<\/strong><\/p>\n<p>Dise\u00f1o, fabricaci\u00f3n e instalaci\u00f3n de torre de lavado, ventilador y sus conducciones para extraer los gases del interior de la nave y filtrarlos antes de su emisi\u00f3n al medioambiente.<\/p>\n<p><strong>DEPOSITOS DE ALMACENAMIENTO DE FLUIDOS<\/strong><\/p>\n<p>En el material necesario PP \u2013 PE \u2013 PRFV(SVR)\u2026etc y con los accesorios requeridos.<\/p>\n<p><strong>HORNOS, SECADEROS, PUENTES GRUA<\/strong><\/p>\n<p>Hornos electricos y de gas, dise\u00f1o de secadero de piezas, instalaci\u00f3n de puentes grua.<\/p>\n<p>[\/et_pb_text][\/et_pb_column][\/et_pb_row][\/et_pb_section]<\/p>\n","protected":false},"excerpt":{"rendered":"<p>EQUIPOS PARA GALVANIZACION EN CALIENTE FILTRO DE MANGAS PARA EL BA\u00d1O DE ZINC Aspiraci\u00f3n y filtraci\u00f3n de los humos del ba\u00f1o de galvanizado asegurando la longevidad de las mangas y reducci\u00f3n al m\u00e1ximo el consumo el\u00e9ctrico y neum\u00e1tico. CAMPANA DE CAPTACI\u00d3N PARA EL BA\u00d1O DE ZINC Dise\u00f1o, fabricaci\u00f3n y montaje de la mejor soluci\u00f3n adaptado [&hellip;]<\/p>\n","protected":false},"author":1,"featured_media":0,"parent":0,"menu_order":0,"comment_status":"closed","ping_status":"closed","template":"","meta":{"_et_pb_use_builder":"on","_et_pb_old_content":"","_et_gb_content_width":"","_exactmetrics_skip_tracking":false,"_exactmetrics_sitenote_active":false,"_exactmetrics_sitenote_note":"","_exactmetrics_sitenote_category":0,"footnotes":""},"class_list":["post-673","page","type-page","status-publish","hentry"],"_links":{"self":[{"href":"https:\/\/deteka.com\/en\/wp-json\/wp\/v2\/pages\/673","targetHints":{"allow":["GET"]}}],"collection":[{"href":"https:\/\/deteka.com\/en\/wp-json\/wp\/v2\/pages"}],"about":[{"href":"https:\/\/deteka.com\/en\/wp-json\/wp\/v2\/types\/page"}],"author":[{"embeddable":true,"href":"https:\/\/deteka.com\/en\/wp-json\/wp\/v2\/users\/1"}],"replies":[{"embeddable":true,"href":"https:\/\/deteka.com\/en\/wp-json\/wp\/v2\/comments?post=673"}],"version-history":[{"count":1,"href":"https:\/\/deteka.com\/en\/wp-json\/wp\/v2\/pages\/673\/revisions"}],"predecessor-version":[{"id":674,"href":"https:\/\/deteka.com\/en\/wp-json\/wp\/v2\/pages\/673\/revisions\/674"}],"wp:attachment":[{"href":"https:\/\/deteka.com\/en\/wp-json\/wp\/v2\/media?parent=673"}],"curies":[{"name":"wp","href":"https:\/\/api.w.org\/{rel}","templated":true}]}}