{"id":675,"date":"2018-05-11T15:22:05","date_gmt":"2018-05-11T15:22:05","guid":{"rendered":"http:\/\/deteka.com\/en\/?page_id=675"},"modified":"2018-05-11T15:22:05","modified_gmt":"2018-05-11T15:22:05","slug":"water-treatment-equipments","status":"publish","type":"page","link":"https:\/\/deteka.com\/en\/water-treatment-equipments\/","title":{"rendered":"WATER TREATMENT EQUIPMENTS"},"content":{"rendered":"<p>[et_pb_section fb_built=&#8221;1&#8243; _builder_version=&#8221;3.0.94&#8243; custom_padding=&#8221;20px|0px|0px|0px&#8221;][et_pb_row custom_padding=&#8221;0px|0px|15px|0px&#8221; _builder_version=&#8221;3.0.94&#8243;][et_pb_column type=&#8221;4_4&#8243; _builder_version=&#8221;3.0.47&#8243; parallax=&#8221;off&#8221; parallax_method=&#8221;on&#8221;][et_pb_button button_url=&#8221;#&#8221; button_text=&#8221;TRATAMIENTO DEL AGUA&#8221; background_layout=&#8221;dark&#8221; _builder_version=&#8221;3.0.94&#8243; custom_margin=&#8221;|||&#8221; custom_button=&#8221;on&#8221; button_text_size=&#8221;25px&#8221; button_text_color=&#8221;#ffffff&#8221; button_bg_color=&#8221;#000000&#8243; button_border_width=&#8221;2px&#8221; button_font=&#8221;||||||||&#8221; button_icon=&#8221;%%37%%&#8221; button_text_size_last_edited=&#8221;on|desktop&#8221;][\/et_pb_button][\/et_pb_column][\/et_pb_row][\/et_pb_section][et_pb_section fb_built=&#8221;1&#8243; _builder_version=&#8221;3.0.94&#8243; custom_padding=&#8221;0px|0px|0px|0px&#8221;][et_pb_row custom_padding=&#8221;0px|0px|37px|0px&#8221; _builder_version=&#8221;3.0.94&#8243;][et_pb_column type=&#8221;4_4&#8243; _builder_version=&#8221;3.0.47&#8243; parallax=&#8221;off&#8221; parallax_method=&#8221;on&#8221;][et_pb_button button_url=&#8221;#&#8221; button_text=&#8221;APLICACIONES DE LOS EQUIPOS EN EL SECTOR&#8221; background_layout=&#8221;dark&#8221; _builder_version=&#8221;3.0.94&#8243; custom_margin=&#8221;|||&#8221; custom_button=&#8221;on&#8221; button_text_size=&#8221;20px&#8221; button_text_color=&#8221;#ffffff&#8221; button_bg_color=&#8221;#7cda24&#8243; button_border_width=&#8221;2px&#8221; button_font=&#8221;||||||||&#8221; button_icon=&#8221;%%37%%&#8221; button_text_size_last_edited=&#8221;on|desktop&#8221;][\/et_pb_button][\/et_pb_column][\/et_pb_row][\/et_pb_section][et_pb_section fb_built=&#8221;1&#8243; _builder_version=&#8221;3.0.94&#8243; custom_padding=&#8221;0px|0px|50px|0px&#8221;][et_pb_row custom_padding=&#8221;0px|0px|0px|0px&#8221; _builder_version=&#8221;3.0.94&#8243;][et_pb_column type=&#8221;1_2&#8243; _builder_version=&#8221;3.0.47&#8243; parallax=&#8221;off&#8221; parallax_method=&#8221;on&#8221;][et_pb_image src=&#8221;http:\/\/deteka.com\/wp-content\/uploads\/2018\/02\/deteka-eau.jpg&#8221; _builder_version=&#8221;3.0.94&#8243;][\/et_pb_image][\/et_pb_column][et_pb_column type=&#8221;1_2&#8243; _builder_version=&#8221;3.0.47&#8243; parallax=&#8221;off&#8221; parallax_method=&#8221;on&#8221;][et_pb_text _builder_version=&#8221;3.0.94&#8243;]Experiencia contrastada en nuestras instalaciones de tratamiento de agua. Consulte nuestras referencias.<\/p>\n<ul>\n<li><strong>CALDERERIA DE PLASTICO<\/strong>: PP \u2013 PEHD \u2013 PVC \u2013 SVR \u2013 PVDF<\/li>\n<li><strong>DESODORIZACION<\/strong>: oxidaci\u00f3n, carb\u00f3n activo, biofiltraci\u00f3n<\/li>\n<li><strong>CUBAS, DEPOSITOS Y REACTORES<\/strong>: en pl\u00e1stico y poliester<\/li>\n<li><strong>INSTALACION DE VENTILADORES<\/strong>: amplia gama de caudales\/presiones.<\/li>\n<li><strong>INSTALACION DE TUBERIAS<\/strong>: en pl\u00e1stico y poli\u00e9ster.<\/li>\n<li><strong>ASPIRACION Y FILTRACIO<\/strong>N PARA PLANTAS INCINERADORAS DE LODO<\/li>\n<li><strong>SISTEMAS DE TRATAMIENTO DE GAS:<\/strong> Ofrecemos sistemas de eliminaci\u00f3n de part\u00edculas, \u00e1cidos, metales pesados, di\u00f3xidos y furanos: <strong>VIA SECA:<\/strong>reactor de caldera + ventilador + filtro de cer\u00e1mica adition chimenea + Ca (OH) 2 o bicarbonato de sodio + adition de carb\u00f3n. <strong>VIA HUMEDA:<\/strong>\u00a0caldera + reactor venturi scrubber + torre de adsorci\u00f3n + ventilador + chimenea. El est\u00e1ndar m\u00e1s exigente hoy en d\u00eda est\u00e1 garantizada: Directora 2000\/76\/CE.<\/li>\n<\/ul>\n<p>[\/et_pb_text][\/et_pb_column][\/et_pb_row][\/et_pb_section]<\/p>\n","protected":false},"excerpt":{"rendered":"<p>Experiencia contrastada en nuestras instalaciones de tratamiento de agua. Consulte nuestras referencias. CALDERERIA DE PLASTICO: PP \u2013 PEHD \u2013 PVC \u2013 SVR \u2013 PVDF DESODORIZACION: oxidaci\u00f3n, carb\u00f3n activo, biofiltraci\u00f3n CUBAS, DEPOSITOS Y REACTORES: en pl\u00e1stico y poliester INSTALACION DE VENTILADORES: amplia gama de caudales\/presiones. INSTALACION DE TUBERIAS: en pl\u00e1stico y poli\u00e9ster. ASPIRACION Y FILTRACION PARA [&hellip;]<\/p>\n","protected":false},"author":1,"featured_media":0,"parent":0,"menu_order":0,"comment_status":"closed","ping_status":"closed","template":"","meta":{"_et_pb_use_builder":"on","_et_pb_old_content":"","_et_gb_content_width":"","_exactmetrics_skip_tracking":false,"_exactmetrics_sitenote_active":false,"_exactmetrics_sitenote_note":"","_exactmetrics_sitenote_category":0,"footnotes":""},"class_list":["post-675","page","type-page","status-publish","hentry"],"_links":{"self":[{"href":"https:\/\/deteka.com\/en\/wp-json\/wp\/v2\/pages\/675","targetHints":{"allow":["GET"]}}],"collection":[{"href":"https:\/\/deteka.com\/en\/wp-json\/wp\/v2\/pages"}],"about":[{"href":"https:\/\/deteka.com\/en\/wp-json\/wp\/v2\/types\/page"}],"author":[{"embeddable":true,"href":"https:\/\/deteka.com\/en\/wp-json\/wp\/v2\/users\/1"}],"replies":[{"embeddable":true,"href":"https:\/\/deteka.com\/en\/wp-json\/wp\/v2\/comments?post=675"}],"version-history":[{"count":1,"href":"https:\/\/deteka.com\/en\/wp-json\/wp\/v2\/pages\/675\/revisions"}],"predecessor-version":[{"id":676,"href":"https:\/\/deteka.com\/en\/wp-json\/wp\/v2\/pages\/675\/revisions\/676"}],"wp:attachment":[{"href":"https:\/\/deteka.com\/en\/wp-json\/wp\/v2\/media?parent=675"}],"curies":[{"name":"wp","href":"https:\/\/api.w.org\/{rel}","templated":true}]}}