{"id":677,"date":"2018-05-11T15:22:51","date_gmt":"2018-05-11T15:22:51","guid":{"rendered":"http:\/\/deteka.com\/en\/?page_id=677"},"modified":"2018-05-11T15:22:51","modified_gmt":"2018-05-11T15:22:51","slug":"centrifugal-fans","status":"publish","type":"page","link":"https:\/\/deteka.com\/en\/centrifugal-fans\/","title":{"rendered":"CENTRIFUGAL FANS"},"content":{"rendered":"<p>[et_pb_section fb_built=&#8221;1&#8243; _builder_version=&#8221;3.0.94&#8243; custom_padding=&#8221;20px|0px|0px|0px&#8221;][et_pb_row custom_padding=&#8221;0px|0px|15px|0px&#8221; _builder_version=&#8221;3.0.94&#8243;][et_pb_column type=&#8221;4_4&#8243; _builder_version=&#8221;3.0.47&#8243; parallax=&#8221;off&#8221; parallax_method=&#8221;on&#8221;][et_pb_button button_url=&#8221;#&#8221; button_text=&#8221;VENTILADORES CENTRIFUGOS&#8221; background_layout=&#8221;dark&#8221; _builder_version=&#8221;3.0.94&#8243; custom_margin=&#8221;|||&#8221; custom_button=&#8221;on&#8221; button_text_size=&#8221;25px&#8221; button_text_color=&#8221;#ffffff&#8221; button_bg_color=&#8221;#0c71c3&#8243; button_border_width=&#8221;2px&#8221; button_font=&#8221;||||||||&#8221; button_icon=&#8221;%%37%%&#8221; button_text_size_last_edited=&#8221;on|desktop&#8221;][\/et_pb_button][\/et_pb_column][\/et_pb_row][\/et_pb_section][et_pb_section fb_built=&#8221;1&#8243; _builder_version=&#8221;3.0.94&#8243; custom_padding=&#8221;0px|0px|0px|0px&#8221;][et_pb_row custom_padding=&#8221;0px|0px|0px|0px&#8221; _builder_version=&#8221;3.0.94&#8243;][et_pb_column type=&#8221;1_2&#8243; _builder_version=&#8221;3.0.47&#8243; parallax=&#8221;off&#8221; parallax_method=&#8221;on&#8221;][et_pb_text _builder_version=&#8221;3.0.94&#8243;]<\/p>\n<h3><strong>DISE\u00d1O, FABRICACI\u00d3N Y MONTAJE DE VENTILADORES:<\/strong><\/h3>\n<ul>\n<li>En ACERO &amp; PP-PEDH.<\/li>\n<li>A medida seg\u00fan caudal y presi\u00f3n.<\/li>\n<li>Insonorizaci\u00f3n.<\/li>\n<li>Control ac\u00fastico.<\/li>\n<\/ul>\n<p>Suministramos una amplia gama de ventiladores centr\u00edfugos de Alta y Media Presi\u00f3n. Como caracter\u00edsticas principales de esos ventiladores, podemos destacar que trabajan con rendimietos de hasta el 87%, abarcando de un 75 a un 120% del caudal en su punto \u00f3ptimo.<\/p>\n<p>Las especiales exigencias que se requieren en los ventiladores especiales son tan variadas como la resistencia a las altas temperaturas, tratamiento antidesgaste, contra la corrosi\u00f3n, dep\u00f3sito m\u00ednimo de polvos, otros exigen una estanqueidad total del gas, otros requieren construcciones m\u00e1s compactas con mayores velocidades perif\u00e9ricas, as\u00ed como un funcionamiento silencioso.<\/p>\n<p>&nbsp;<\/p>\n<p>[\/et_pb_text][\/et_pb_column][et_pb_column type=&#8221;1_2&#8243; _builder_version=&#8221;3.0.47&#8243; parallax=&#8221;off&#8221; parallax_method=&#8221;on&#8221;][et_pb_image src=&#8221;http:\/\/deteka.com\/wp-content\/uploads\/2018\/02\/ventilador-2.gif&#8221; _builder_version=&#8221;3.0.94&#8243;][\/et_pb_image][\/et_pb_column][\/et_pb_row][\/et_pb_section][et_pb_section fb_built=&#8221;1&#8243; _builder_version=&#8221;3.0.94&#8243; custom_padding=&#8221;64px|0px|0px|0px&#8221;][et_pb_row custom_padding=&#8221;0px|0px|15px|0px&#8221; _builder_version=&#8221;3.0.94&#8243;][et_pb_column type=&#8221;4_4&#8243; _builder_version=&#8221;3.0.47&#8243; parallax=&#8221;off&#8221; parallax_method=&#8221;on&#8221;][et_pb_button button_url=&#8221;#&#8221; button_text=&#8221;GAMA DE LOS EQUIPOS&#8221; background_layout=&#8221;dark&#8221; _builder_version=&#8221;3.0.94&#8243; custom_margin=&#8221;|||&#8221; custom_button=&#8221;on&#8221; button_text_size=&#8221;20px&#8221; button_text_color=&#8221;#ffffff&#8221; button_bg_color=&#8221;#7cda24&#8243; button_border_width=&#8221;2px&#8221; button_font=&#8221;||||||||&#8221; button_icon=&#8221;%%37%%&#8221; button_text_size_last_edited=&#8221;on|desktop&#8221;][\/et_pb_button][\/et_pb_column][\/et_pb_row][\/et_pb_section][et_pb_section fb_built=&#8221;1&#8243; _builder_version=&#8221;3.0.94&#8243; custom_padding=&#8221;0px|0px|0px|0px&#8221;][et_pb_row custom_padding=&#8221;0px|0px|0px|0px&#8221; _builder_version=&#8221;3.0.94&#8243;][et_pb_column type=&#8221;1_2&#8243; _builder_version=&#8221;3.0.47&#8243; parallax=&#8221;off&#8221; parallax_method=&#8221;on&#8221;][et_pb_text _builder_version=&#8221;3.0.94&#8243;]<\/p>\n<h3><strong>VENTILADORES CENTRIFUGOS DE PLASTICO (PP-PEHD)<\/strong><\/h3>\n<p>Suministramos una amplia gama de ventiladores centr\u00edfugos de Alta y Media Presi\u00f3n. Como caracter\u00edsticas principales de esos ventiladores, podemos destacar que trabajan con rendimietos de hasta el 87%, abarcando de un 75 a un 120% del caudal en su punto \u00f3ptimo.<\/p>\n<p>[\/et_pb_text][\/et_pb_column][et_pb_column type=&#8221;1_2&#8243; _builder_version=&#8221;3.0.47&#8243; parallax=&#8221;off&#8221; parallax_method=&#8221;on&#8221;][et_pb_image src=&#8221;http:\/\/deteka.com\/wp-content\/uploads\/2018\/02\/ventilador-3.gif&#8221; _builder_version=&#8221;3.0.94&#8243; animation_style=&#8221;slide&#8221;][\/et_pb_image][\/et_pb_column][\/et_pb_row][\/et_pb_section][et_pb_section fb_built=&#8221;1&#8243; _builder_version=&#8221;3.0.94&#8243; custom_padding=&#8221;50px|0px|0px|0px&#8221;][et_pb_row custom_padding=&#8221;0px|0px|0px|0px&#8221; _builder_version=&#8221;3.0.94&#8243;][et_pb_column type=&#8221;1_2&#8243; _builder_version=&#8221;3.0.47&#8243; parallax=&#8221;off&#8221; parallax_method=&#8221;on&#8221;][et_pb_text _builder_version=&#8221;3.0.94&#8243;]<\/p>\n<h3><strong>VENTILADORES CENTRIFUGOS EN ACERO<\/strong><\/h3>\n<p>Las exigencias especiales que se requieren en los ventiladores especiales son tan variadas como la resistencia a las altas temperaturas, tratamiento antidesgaste, contra la corrosi\u00f3n, dep\u00f3sito m\u00ednimo de polvos, otros exigen una estanqueidad total del gas, otros requieren construcciones m\u00e1s compactas con mayores velocidades perif\u00e9ricas, as\u00ed como un funcionamiento silencioso.<\/p>\n<p>[\/et_pb_text][\/et_pb_column][et_pb_column type=&#8221;1_2&#8243; _builder_version=&#8221;3.0.47&#8243; parallax=&#8221;off&#8221; parallax_method=&#8221;on&#8221;][et_pb_image src=&#8221;http:\/\/deteka.com\/wp-content\/uploads\/2018\/02\/centrifugo-acero.jpg&#8221; align=&#8221;center&#8221; _builder_version=&#8221;3.0.94&#8243; animation_style=&#8221;slide&#8221;][\/et_pb_image][\/et_pb_column][\/et_pb_row][\/et_pb_section]<\/p>\n","protected":false},"excerpt":{"rendered":"<p>DISE\u00d1O, FABRICACI\u00d3N Y MONTAJE DE VENTILADORES: En ACERO &amp; PP-PEDH. A medida seg\u00fan caudal y presi\u00f3n. Insonorizaci\u00f3n. Control ac\u00fastico. Suministramos una amplia gama de ventiladores centr\u00edfugos de Alta y Media Presi\u00f3n. Como caracter\u00edsticas principales de esos ventiladores, podemos destacar que trabajan con rendimietos de hasta el 87%, abarcando de un 75 a un 120% del [&hellip;]<\/p>\n","protected":false},"author":1,"featured_media":0,"parent":0,"menu_order":0,"comment_status":"closed","ping_status":"closed","template":"","meta":{"_et_pb_use_builder":"on","_et_pb_old_content":"","_et_gb_content_width":"","_exactmetrics_skip_tracking":false,"_exactmetrics_sitenote_active":false,"_exactmetrics_sitenote_note":"","_exactmetrics_sitenote_category":0,"footnotes":""},"class_list":["post-677","page","type-page","status-publish","hentry"],"_links":{"self":[{"href":"https:\/\/deteka.com\/en\/wp-json\/wp\/v2\/pages\/677","targetHints":{"allow":["GET"]}}],"collection":[{"href":"https:\/\/deteka.com\/en\/wp-json\/wp\/v2\/pages"}],"about":[{"href":"https:\/\/deteka.com\/en\/wp-json\/wp\/v2\/types\/page"}],"author":[{"embeddable":true,"href":"https:\/\/deteka.com\/en\/wp-json\/wp\/v2\/users\/1"}],"replies":[{"embeddable":true,"href":"https:\/\/deteka.com\/en\/wp-json\/wp\/v2\/comments?post=677"}],"version-history":[{"count":1,"href":"https:\/\/deteka.com\/en\/wp-json\/wp\/v2\/pages\/677\/revisions"}],"predecessor-version":[{"id":678,"href":"https:\/\/deteka.com\/en\/wp-json\/wp\/v2\/pages\/677\/revisions\/678"}],"wp:attachment":[{"href":"https:\/\/deteka.com\/en\/wp-json\/wp\/v2\/media?parent=677"}],"curies":[{"name":"wp","href":"https:\/\/api.w.org\/{rel}","templated":true}]}}