{"id":440,"date":"2018-02-06T18:25:35","date_gmt":"2018-02-06T18:25:35","guid":{"rendered":"http:\/\/deteka.com\/filtracion-de-gases-de-incineracion\/?lang=fr"},"modified":"2018-02-07T18:15:00","modified_gmt":"2018-02-07T18:15:00","slug":"filtration-des-gaz-dincineration","status":"publish","type":"page","link":"https:\/\/deteka.com\/fr\/filtration-des-gaz-dincineration\/","title":{"rendered":"FILTRATION DES GAZ D\u00b4INCINERATION"},"content":{"rendered":"<p>[et_pb_section fb_built=\u00a0\u00bb1&Prime; _builder_version=\u00a0\u00bb3.0.94&Prime; custom_padding=\u00a0\u00bb20px|0px|0px|0px\u00a0\u00bb][et_pb_row custom_padding=\u00a0\u00bb0px|0px|15px|0px\u00a0\u00bb _builder_version=\u00a0\u00bb3.0.94&Prime;][et_pb_column type=\u00a0\u00bb4_4&Prime; _builder_version=\u00a0\u00bb3.0.47&Prime; parallax=\u00a0\u00bboff\u00a0\u00bb parallax_method=\u00a0\u00bbon\u00a0\u00bb][et_pb_button button_url=\u00a0\u00bb#\u00a0\u00bb button_text=\u00a0\u00bbFILTRATION DES GAZ DE L\u00b4INCINERATION\u00a0\u00bb background_layout=\u00a0\u00bbdark\u00a0\u00bb _builder_version=\u00a0\u00bb3.0.94&Prime; custom_margin=\u00a0\u00bb|||\u00a0\u00bb custom_button=\u00a0\u00bbon\u00a0\u00bb button_text_size=\u00a0\u00bb25px\u00a0\u00bb button_text_color=\u00a0\u00bb#ffffff\u00a0\u00bb button_bg_color=\u00a0\u00bb#000000&Prime; button_border_width=\u00a0\u00bb2px\u00a0\u00bb button_font=\u00a0\u00bb||||||||\u00a0\u00bb button_icon=\u00a0\u00bb%%37%%\u00a0\u00bb button_text_size_last_edited=\u00a0\u00bbon|desktop\u00a0\u00bb][\/et_pb_button][\/et_pb_column][\/et_pb_row][\/et_pb_section][et_pb_section fb_built=\u00a0\u00bb1&Prime; _builder_version=\u00a0\u00bb3.0.94&Prime; custom_padding=\u00a0\u00bb0px|0px|0px|0px\u00a0\u00bb][et_pb_row custom_padding=\u00a0\u00bb0px|0px|15px|0px\u00a0\u00bb _builder_version=\u00a0\u00bb3.0.94&Prime;][et_pb_column type=\u00a0\u00bb4_4&Prime; _builder_version=\u00a0\u00bb3.0.47&Prime; parallax=\u00a0\u00bboff\u00a0\u00bb parallax_method=\u00a0\u00bbon\u00a0\u00bb][et_pb_button button_url=\u00a0\u00bb#\u00a0\u00bb button_text=\u00a0\u00bbAPPLICATIONS DES EQUIPEMENTS DANS LE SECTEUR\u00a0\u00bb background_layout=\u00a0\u00bbdark\u00a0\u00bb _builder_version=\u00a0\u00bb3.0.94&Prime; custom_margin=\u00a0\u00bb|||\u00a0\u00bb custom_button=\u00a0\u00bbon\u00a0\u00bb button_text_size=\u00a0\u00bb20px\u00a0\u00bb button_text_color=\u00a0\u00bb#ffffff\u00a0\u00bb button_bg_color=\u00a0\u00bb#7cda24&Prime; button_border_width=\u00a0\u00bb2px\u00a0\u00bb button_font=\u00a0\u00bb||||||||\u00a0\u00bb button_icon=\u00a0\u00bb%%37%%\u00a0\u00bb button_text_size_last_edited=\u00a0\u00bbon|desktop\u00a0\u00bb][\/et_pb_button][\/et_pb_column][\/et_pb_row][\/et_pb_section][et_pb_section fb_built=\u00a0\u00bb1&Prime; _builder_version=\u00a0\u00bb3.0.94&Prime; custom_padding=\u00a0\u00bb0px|0px|0px|0px\u00a0\u00bb][et_pb_row custom_padding=\u00a0\u00bb0px|0px|50px|0px\u00a0\u00bb _builder_version=\u00a0\u00bb3.0.94&Prime;][et_pb_column type=\u00a0\u00bb1_2&Prime; _builder_version=\u00a0\u00bb3.0.47&Prime; parallax=\u00a0\u00bboff\u00a0\u00bb parallax_method=\u00a0\u00bbon\u00a0\u00bb][et_pb_image src=\u00a0\u00bbhttp:\/\/deteka.com\/wp-content\/uploads\/2018\/02\/traitement-fum\u00e9es-chaudi\u00e8re-biomasse.jpg\u00a0\u00bb _builder_version=\u00a0\u00bb3.0.94&Prime;][\/et_pb_image][\/et_pb_column][et_pb_column type=\u00a0\u00bb1_2&Prime; _builder_version=\u00a0\u00bb3.0.47&Prime; parallax=\u00a0\u00bboff\u00a0\u00bb parallax_method=\u00a0\u00bbon\u00a0\u00bb][et_pb_text _builder_version=\u00a0\u00bb3.0.94&Prime;]<\/p>\n<p><strong><span>FILTRES A MANCHES POUR TRAITER LES GAZ DES CHAUDIERES DE BIOMASSE<\/span><\/strong><\/p>\n<p>Nos r\u00e9f\u00e9rences d\u00e9montrent l\u00b4\u00e9fficacit\u00e9 de nos installations.<\/p>\n<p>Une partie de la poussi\u00e8re qui arrive avec le gaz se s\u00e9pare \u00e0 l\u2019entr\u00e9e du filtre. Le reste de la poussi\u00e8re se d\u00e9pose sur la surface des manches ou il se forme une pr\u00e9-couche de poussi\u00e8re qui est indispensable pour obtenir une haute efficacit\u00e9 de s\u00e9paration.<\/p>\n<p>En insufflant l\u2019air dans chaque rang\u00e9e de manches. Une brusque surpression \u00e0 l\u2019int\u00e9rieur des manches est cr\u00e9ee, ce qui provoque la chute de la poussi\u00e8re se trouvant sur l\u2019ext\u00e9rieur des manches. dans la tr\u00e9mie.<\/p>\n<p>Les vannes \u00e0 membrane. Pilot\u00e9es \u00e9lectroniquement g\u00e8rent la dur\u00e9e et l\u2019intervalle en fonction de l\u2019application d\u00e9sir\u00e9e. Le s\u00e9quenceur \u00e9lectronique peut \u00eatre commande \u00e0 la main ou automatiquement par la perte de charge<\/p>\n<p>[\/et_pb_text][\/et_pb_column][\/et_pb_row][\/et_pb_section]<\/p>\n","protected":false},"excerpt":{"rendered":"<p>FILTRES A MANCHES POUR TRAITER LES GAZ DES CHAUDIERES DE BIOMASSE Nos r\u00e9f\u00e9rences d\u00e9montrent l\u00b4\u00e9fficacit\u00e9 de nos installations. Une partie de la poussi\u00e8re qui arrive avec le gaz se s\u00e9pare \u00e0 l\u2019entr\u00e9e du filtre. Le reste de la poussi\u00e8re se d\u00e9pose sur la surface des manches ou il se forme une pr\u00e9-couche de poussi\u00e8re qui [&hellip;]<\/p>\n","protected":false},"author":1,"featured_media":0,"parent":0,"menu_order":0,"comment_status":"closed","ping_status":"closed","template":"","meta":{"_et_pb_use_builder":"on","_et_pb_old_content":"","_et_gb_content_width":"","_exactmetrics_skip_tracking":false,"_exactmetrics_sitenote_active":false,"_exactmetrics_sitenote_note":"","_exactmetrics_sitenote_category":0,"footnotes":""},"class_list":["post-440","page","type-page","status-publish","hentry"],"_links":{"self":[{"href":"https:\/\/deteka.com\/fr\/wp-json\/wp\/v2\/pages\/440","targetHints":{"allow":["GET"]}}],"collection":[{"href":"https:\/\/deteka.com\/fr\/wp-json\/wp\/v2\/pages"}],"about":[{"href":"https:\/\/deteka.com\/fr\/wp-json\/wp\/v2\/types\/page"}],"author":[{"embeddable":true,"href":"https:\/\/deteka.com\/fr\/wp-json\/wp\/v2\/users\/1"}],"replies":[{"embeddable":true,"href":"https:\/\/deteka.com\/fr\/wp-json\/wp\/v2\/comments?post=440"}],"version-history":[{"count":2,"href":"https:\/\/deteka.com\/fr\/wp-json\/wp\/v2\/pages\/440\/revisions"}],"predecessor-version":[{"id":523,"href":"https:\/\/deteka.com\/fr\/wp-json\/wp\/v2\/pages\/440\/revisions\/523"}],"wp:attachment":[{"href":"https:\/\/deteka.com\/fr\/wp-json\/wp\/v2\/media?parent=440"}],"curies":[{"name":"wp","href":"https:\/\/api.w.org\/{rel}","templated":true}]}}