{"id":443,"date":"2018-02-06T16:09:34","date_gmt":"2018-02-06T16:09:34","guid":{"rendered":"http:\/\/deteka.com\/filtracion-del-aire\/?lang=fr"},"modified":"2018-02-12T11:56:14","modified_gmt":"2018-02-12T11:56:14","slug":"filtration-de-lair","status":"publish","type":"page","link":"https:\/\/deteka.com\/fr\/filtration-de-lair\/","title":{"rendered":"FILTRATION DE L\u00b4AIR"},"content":{"rendered":"<p>[et_pb_section fb_built=\u00a0\u00bb1&Prime; _builder_version=\u00a0\u00bb3.0.94&Prime; custom_padding=\u00a0\u00bb20px|0px|0px|0px\u00a0\u00bb][et_pb_row custom_padding=\u00a0\u00bb0px|0px|15px|0px\u00a0\u00bb _builder_version=\u00a0\u00bb3.0.94&Prime;][et_pb_column type=\u00a0\u00bb4_4&Prime; _builder_version=\u00a0\u00bb3.0.47&Prime; parallax=\u00a0\u00bboff\u00a0\u00bb parallax_method=\u00a0\u00bbon\u00a0\u00bb][et_pb_button button_url=\u00a0\u00bb#\u00a0\u00bb button_text=\u00a0\u00bbFILTRATION DE L\u00b4AIR EN INDUSTRIE\u00a0\u00bb background_layout=\u00a0\u00bbdark\u00a0\u00bb _builder_version=\u00a0\u00bb3.0.94&Prime; custom_margin=\u00a0\u00bb|||\u00a0\u00bb custom_button=\u00a0\u00bbon\u00a0\u00bb button_text_size=\u00a0\u00bb25px\u00a0\u00bb button_text_color=\u00a0\u00bb#ffffff\u00a0\u00bb button_bg_color=\u00a0\u00bb#0c71c3&Prime; button_border_width=\u00a0\u00bb2px\u00a0\u00bb button_font=\u00a0\u00bb||||||||\u00a0\u00bb button_icon=\u00a0\u00bb%%37%%\u00a0\u00bb button_text_size_last_edited=\u00a0\u00bbon|desktop\u00a0\u00bb][\/et_pb_button][\/et_pb_column][\/et_pb_row][\/et_pb_section][et_pb_section fb_built=\u00a0\u00bb1&Prime; _builder_version=\u00a0\u00bb3.0.94&Prime; custom_padding=\u00a0\u00bb0px|0px|0px|0px\u00a0\u00bb][et_pb_row custom_padding=\u00a0\u00bb0px|0px|0px|0px\u00a0\u00bb _builder_version=\u00a0\u00bb3.0.94&Prime;][et_pb_column type=\u00a0\u00bb1_2&Prime; _builder_version=\u00a0\u00bb3.0.47&Prime; parallax=\u00a0\u00bboff\u00a0\u00bb parallax_method=\u00a0\u00bbon\u00a0\u00bb][et_pb_text _builder_version=\u00a0\u00bb3.0.94&Prime;]<\/p>\n<div id=\"Txt_1\" class=\"TextoPagina\">\n<p>Nous employons ce genre d\u00b4\u00e9qiupements pour des applications comme:<\/p>\n<ul>\n<li>L\u00b4incin\u00e9ration des boues des stations d\u00b4\u00e9puration d\u00b4eaux us\u00e9es.<\/li>\n<li>L\u00b4incin\u00e9ration de divers mat\u00e9riaux de biomasse.<\/li>\n<li>Les fum\u00e9es cre\u00e9es dans des industries diverses comme la fonderie, la galvanisation \u00e0 chaud, cimenteries\u2026etc.<\/li>\n<\/ul>\n<p class=\"p4\">Une partie de la poussi\u00e8re qui arrive avec le gaz se s\u00e9pare \u00e0 l\u2019entr\u00e9e du filtre. Le reste de la poussi\u00e8re se d\u00e9pose sur la surface des manches ou il se forme une pr\u00e9-couche de poussi\u00e8re qui est indispensable pour obtenir une haute efficacit\u00e9 de s\u00e9paration.<\/p>\n<p class=\"p4\">En insufflant l\u2019air dans chaque rang\u00e9e de manches. Une brusque surpression \u00e0 l\u2019int\u00e9rieur des manches est cr\u00e9ee, ce qui provoque la chute de la poussi\u00e8re se trouvant sur l\u2019ext\u00e9rieur des manches. dans la tr\u00e9mie.<\/p>\n<p class=\"p4\">Les vannes \u00e0 membrane. Pilot\u00e9es \u00e9lectroniquement g\u00e8rent la dur\u00e9e et l\u2019intervalle en fonction de l\u2019application d\u00e9sir\u00e9e. Le s\u00e9quenceur \u00e9lectronique peut \u00eatre commande \u00e0 la main ou automatiquement par la perte de charge.<\/p>\n<p class=\"p4\">Le contr\u00f4le automatique. En plus d\u2019obtenir une grande efficacit\u00e9 de filtration. Maintient constante la perte de charge du filtre. optimise le cycle de vie des manches et minimise la consommation d\u2019air comprime surtout quand le d\u00e9bit des gaz est variable.<\/p>\n<p class=\"p4\">Les filtres FIVEPULSE peuvent \u00eatre \u00e0 manches verticales ou \u00e0 sacs horizontaux. ces derniers s\u2019utilisent quand il y a une limitation de la hauteur pour l\u2019extraction des manches.<\/p>\n<p class=\"p4\">L\u2019entr\u00e9e des gaz peut se faire par la tr\u00e9mie ou par un c\u00f4t\u00e9 de la carcasse du filtre pour les filtres verticaux et par la partie sup\u00e9rieure pour les filtres horizontaux.<\/p>\n<\/div>\n<div id=\"Txt_3\" class=\"TextoPagina\"><\/div>\n<p>[\/et_pb_text][\/et_pb_column][et_pb_column type=\u00a0\u00bb1_2&Prime; _builder_version=\u00a0\u00bb3.0.47&Prime; parallax=\u00a0\u00bboff\u00a0\u00bb parallax_method=\u00a0\u00bbon\u00a0\u00bb][et_pb_image src=\u00a0\u00bbhttp:\/\/deteka.com\/wp-content\/uploads\/2018\/02\/filtros-aire-5.gif\u00a0\u00bb _builder_version=\u00a0\u00bb3.0.94&Prime;][\/et_pb_image][et_pb_image src=\u00a0\u00bbhttp:\/\/deteka.com\/wp-content\/uploads\/2018\/02\/d\u00e9poussi\u00e9rage-800&#215;500.png\u00a0\u00bb _builder_version=\u00a0\u00bb3.0.94&Prime;][\/et_pb_image][\/et_pb_column][\/et_pb_row][\/et_pb_section][et_pb_section fb_built=\u00a0\u00bb1&Prime; _builder_version=\u00a0\u00bb3.0.94&Prime; custom_padding=\u00a0\u00bb64px|0px|0px|0px\u00a0\u00bb][et_pb_row custom_padding=\u00a0\u00bb0px|0px|15px|0px\u00a0\u00bb _builder_version=\u00a0\u00bb3.0.94&Prime;][et_pb_column type=\u00a0\u00bb4_4&Prime; _builder_version=\u00a0\u00bb3.0.47&Prime; parallax=\u00a0\u00bboff\u00a0\u00bb parallax_method=\u00a0\u00bbon\u00a0\u00bb][et_pb_button button_url=\u00a0\u00bb#\u00a0\u00bb button_text=\u00a0\u00bbGAMME DES EQUIPEMENTS\u00a0\u00bb background_layout=\u00a0\u00bbdark\u00a0\u00bb _builder_version=\u00a0\u00bb3.0.94&Prime; custom_margin=\u00a0\u00bb|||\u00a0\u00bb custom_button=\u00a0\u00bbon\u00a0\u00bb button_text_size=\u00a0\u00bb20px\u00a0\u00bb button_text_color=\u00a0\u00bb#ffffff\u00a0\u00bb button_bg_color=\u00a0\u00bb#7cda24&Prime; button_border_width=\u00a0\u00bb2px\u00a0\u00bb button_font=\u00a0\u00bb||||||||\u00a0\u00bb button_icon=\u00a0\u00bb%%37%%\u00a0\u00bb button_text_size_last_edited=\u00a0\u00bbon|desktop\u00a0\u00bb][\/et_pb_button][\/et_pb_column][\/et_pb_row][\/et_pb_section][et_pb_section fb_built=\u00a0\u00bb1&Prime; _builder_version=\u00a0\u00bb3.0.94&Prime; custom_padding=\u00a0\u00bb0px|0px|0px|0px\u00a0\u00bb][et_pb_row _builder_version=\u00a0\u00bb3.0.94&Prime;][et_pb_column type=\u00a0\u00bb4_4&Prime; _builder_version=\u00a0\u00bb3.0.47&Prime; parallax=\u00a0\u00bboff\u00a0\u00bb parallax_method=\u00a0\u00bbon\u00a0\u00bb][et_pb_text _builder_version=\u00a0\u00bb3.0.94&Prime;]<\/p>\n<h3><strong>DESIGN, FABRICATION ET MONTAGE D\u00b4EQUIPEMENTS POUR LE TRAITEMENT DE L\u00b4AIR:<\/strong><\/h3>\n<ul>\n<li>Filtres \u00e0 manches<\/li>\n<li>Filtres c\u00e9ramiques<\/li>\n<li>Cyclones<\/li>\n<li>Multicyclones<\/li>\n<li>Electrofiltres<\/li>\n<li>Tours de lavage \u2013 Scrubbers<\/li>\n<li>Absorption des gaz, voie s\u00e8che et semi-s\u00e8che<\/li>\n<li>Contr\u00f4le du bruit<\/li>\n<li>Climatissateurs et groupes d\u00b4apport<\/li>\n<li>Ventilation<\/li>\n<li>Nettoyage centralis\u00e9<\/li>\n<li>Transport pneumatique<\/li>\n<li>Oxydation thermique r\u00e9g\u00e9n\u00e9rative<\/li>\n<li>Incin\u00e9rateurs<\/li>\n<li>Cr\u00e9matoires<\/li>\n<li>Ventilateurs centrifuges<\/li>\n<li>Broyage, Classification et s\u00e9chage<\/li>\n<\/ul>\n<p>[\/et_pb_text][\/et_pb_column][\/et_pb_row][\/et_pb_section][et_pb_section fb_built=\u00a0\u00bb1&Prime; _builder_version=\u00a0\u00bb3.0.94&Prime; custom_padding=\u00a0\u00bb0px|0px|0px|0px\u00a0\u00bb][et_pb_row custom_padding=\u00a0\u00bb0px|0px|0px|0px\u00a0\u00bb _builder_version=\u00a0\u00bb3.0.94&Prime;][et_pb_column type=\u00a0\u00bb1_2&Prime; _builder_version=\u00a0\u00bb3.0.47&Prime; parallax=\u00a0\u00bboff\u00a0\u00bb parallax_method=\u00a0\u00bbon\u00a0\u00bb][et_pb_text _builder_version=\u00a0\u00bb3.0.94&Prime;]<\/p>\n<h3>FILTRES A MANCHES<\/h3>\n<p>Nous employons ce genre d\u00b4\u00e9qiupements pour des applications comme:<\/p>\n<ul>\n<li>L\u00b4incin\u00e9ration des boues des stations d\u00b4\u00e9puration d\u00b4eaux us\u00e9es.<\/li>\n<li>L\u00b4incin\u00e9ration de divers mat\u00e9riaux de biomasse.<\/li>\n<li>Les fum\u00e9es cre\u00e9es dans des industries diverses comme la fonderie, la galvanisation \u00e0 chaud, cimenteries\u2026etc.<\/li>\n<\/ul>\n<p>[\/et_pb_text][\/et_pb_column][et_pb_column type=\u00a0\u00bb1_2&Prime; _builder_version=\u00a0\u00bb3.0.47&Prime; parallax=\u00a0\u00bboff\u00a0\u00bb parallax_method=\u00a0\u00bbon\u00a0\u00bb][et_pb_image src=\u00a0\u00bbhttp:\/\/deteka.com\/wp-content\/uploads\/2018\/02\/filtros-aire-4.gif\u00a0\u00bb _builder_version=\u00a0\u00bb3.0.94&Prime; animation_style=\u00a0\u00bbslide\u00a0\u00bb][\/et_pb_image][\/et_pb_column][\/et_pb_row][\/et_pb_section][et_pb_section fb_built=\u00a0\u00bb1&Prime; _builder_version=\u00a0\u00bb3.0.94&Prime; custom_padding=\u00a0\u00bb50px|0px|0px|0px\u00a0\u00bb][et_pb_row custom_padding=\u00a0\u00bb0px|0px|0px|0px\u00a0\u00bb _builder_version=\u00a0\u00bb3.0.94&Prime;][et_pb_column type=\u00a0\u00bb1_2&Prime; _builder_version=\u00a0\u00bb3.0.47&Prime; parallax=\u00a0\u00bboff\u00a0\u00bb parallax_method=\u00a0\u00bbon\u00a0\u00bb][et_pb_text _builder_version=\u00a0\u00bb3.0.94&Prime;]<\/p>\n<h3>FILTRES CERAMIQUES<\/h3>\n<p>Les filtres c\u00e9ramiques de faible densit\u00e9, sont une nouvelle technologie de filtration qui a d\u00e9montr\u00e9 un tr\u00e8s haut niveau de s\u00e9paration et le plus bas niveau de particules solides rejet\u00e9es dans l\u2019atmosph\u00e8re.<strong>PRINCIPAUX AVANTAGES DES FILTRES CERAMIQUES<\/strong><\/p>\n<ul>\n<li>Temp\u00e9rature de filtration \u00e9lev\u00e9e pouvant atteindre 900\u00b0C.<\/li>\n<li>Meilleure r\u00e9sistance \u00e0 la corrosion et aux acides.<\/li>\n<li>Vitesse de filtration plus \u00e9lev\u00e9e.<\/li>\n<li>Totale r\u00e9sistance aux particules incandescentes.<\/li>\n<li>Haute capacit\u00e9 de r\u00e9tention des gaz acides.<\/li>\n<li>Plus longue dur\u00e9e de vie des filtres c\u00e9ramiques.<\/li>\n<li>Plus haute efficacit\u00e9 de filtration.<\/li>\n<\/ul>\n<p>[\/et_pb_text][\/et_pb_column][et_pb_column type=\u00a0\u00bb1_2&Prime; _builder_version=\u00a0\u00bb3.0.47&Prime; parallax=\u00a0\u00bboff\u00a0\u00bb parallax_method=\u00a0\u00bbon\u00a0\u00bb][et_pb_image src=\u00a0\u00bbhttp:\/\/deteka.com\/wp-content\/uploads\/2018\/02\/Filtro-cer\u00e1mico-en-caldera-de-residuos-petroqu\u00edmicos.jpg\u00a0\u00bb _builder_version=\u00a0\u00bb3.0.94&Prime; animation_style=\u00a0\u00bbslide\u00a0\u00bb][\/et_pb_image][\/et_pb_column][\/et_pb_row][\/et_pb_section][et_pb_section fb_built=\u00a0\u00bb1&Prime; _builder_version=\u00a0\u00bb3.0.94&Prime; custom_padding=\u00a0\u00bb50px|0px|50px|0px\u00a0\u00bb][et_pb_row custom_padding=\u00a0\u00bb0px|0px|50px|0px\u00a0\u00bb _builder_version=\u00a0\u00bb3.0.94&Prime;][et_pb_column type=\u00a0\u00bb1_2&Prime; _builder_version=\u00a0\u00bb3.0.47&Prime; parallax=\u00a0\u00bboff\u00a0\u00bb parallax_method=\u00a0\u00bbon\u00a0\u00bb][et_pb_text _builder_version=\u00a0\u00bb3.0.94&Prime;]<\/p>\n<h3>FILTRES A CARTOUCHES<\/h3>\n<p>Le filtre FIVECARTRIDGE est un filtre \u00e0 cartouches avec un syst\u00e8me de nettoyage automatique \u00e0 impulsions de l\u2019air comprim\u00e9. II est utilis\u00e9 pour la s\u00e9paration de poussi\u00e8res s\u00e8ches dans l\u2019air. Grace \u00e0 la forme en \u00e9toile des cartouches on obtient une plus grande surface de filtration avec un minimum de place occup\u00e9e par le filtre. On r\u00e9ussit \u00e0 obtenir des rendements \u00e9lev\u00e9s de s\u00e9paration m\u00eame avec des poussi\u00e8res extr\u00eamement fines. L\u2019entretien du filtre s\u2019effectue par l\u2019ext\u00e9rieur du filtre.<br \/>\n[\/et_pb_text][\/et_pb_column][et_pb_column type=\u00a0\u00bb1_2&Prime; _builder_version=\u00a0\u00bb3.0.47&Prime; parallax=\u00a0\u00bboff\u00a0\u00bb parallax_method=\u00a0\u00bbon\u00a0\u00bb][et_pb_image src=\u00a0\u00bbhttp:\/\/deteka.com\/wp-content\/uploads\/2018\/02\/Filtro-Cartuchos.jpg\u00a0\u00bb align=\u00a0\u00bbcenter\u00a0\u00bb _builder_version=\u00a0\u00bb3.0.94&Prime; animation_style=\u00a0\u00bbslide\u00a0\u00bb][\/et_pb_image][\/et_pb_column][\/et_pb_row][et_pb_row custom_padding=\u00a0\u00bb0px|0px|0px|0px\u00a0\u00bb _builder_version=\u00a0\u00bb3.0.94&Prime;][et_pb_column type=\u00a0\u00bb1_2&Prime; _builder_version=\u00a0\u00bb3.0.47&Prime; parallax=\u00a0\u00bboff\u00a0\u00bb parallax_method=\u00a0\u00bbon\u00a0\u00bb][et_pb_text _builder_version=\u00a0\u00bb3.0.94&Prime;]<\/p>\n<h3>CYCLONES ET MULTICYCLONES<\/h3>\n<h2>Cyclones<\/h2>\n<p>Le gaz entre dans le cyclone d\u2019une mani\u00e8re tangentielle. En augmentant la vitesse p\u00e9riph\u00e9rique et les forces centrifuges, les particules les plus grosses sortent par la partie inf\u00e9rieure et l\u2019air propre par la partie sup\u00e9rieure. Pour d\u00e9terminer l\u2019efficacit\u00e9 des cyclones, on prend en consid\u00e9ration les dimensions des cyclones et les propri\u00e9t\u00e9s physiques des gaz et des particules.<\/p>\n<p>On optimise la vitesse d\u2019entr\u00e9e dans les cyclones pour obtenir le maximum d\u2019efficacit\u00e9 de s\u00e9paration pour une application d\u00e9termin\u00e9.<\/p>\n<p>On peut construire des groupes de 2,4 et 6 cyclones en parall\u00e8le pour traiter des d\u00e9bits \u00e9lev\u00e9s.<\/p>\n<h2>Multicyclones<\/h2>\n<p>Le s\u00e9parateur multi cyclonique a \u00e9t\u00e9 d\u00e9velopp\u00e9 pour obtenir des efficacit\u00e9s \u00e9lev\u00e9es de s\u00e9paration pour des d\u00e9bits des gaz \u00e9lev\u00e9s. Cette efficacit\u00e9 \u00e9lev\u00e9e s\u2019obtient gr\u00e2ce aux cyclones de petit diam\u00e8tre, assembl\u00e9s pour former une unit\u201a compacte. En fonctionnement, le gaz charg\u00e9 en poussi\u00e8re entre dans les cellules collectrices, axialement, gr\u00e2ce \u00e0 des distributeurs statiques. Les palettes courb\u00e9es du distributeur provoquent une centrifugation de la poussi\u00e8re qui se d\u00e9pose dans la tr\u00e9mie alors que le gaz propre sort par la partie sup\u00e9rieure. Les cyclones et les distributeurs statiques sont en fonte et offrent une grande r\u00e9sistance \u00e0 l\u2019abrasion en fonction de l\u2019alliage choisi.<\/p>\n<ul>\n<li>Une grande r\u00e9sistance<\/li>\n<li>Une haute efficacit\u00e9 de s\u00e9paration pour les poussi\u00e8res.<\/li>\n<li>Un faible investissement d- \u00e0 sa construction simple.<\/li>\n<li>Un faible co\u00fbt de fonctionnement de sa constante perte de charge.<\/li>\n<li>Une place r\u00e9duite malgr\u00e9 les grands d\u00e9bits.<\/li>\n<\/ul>\n<p>[\/et_pb_text][\/et_pb_column][et_pb_column type=\u00a0\u00bb1_2&Prime; _builder_version=\u00a0\u00bb3.0.47&Prime; parallax=\u00a0\u00bboff\u00a0\u00bb parallax_method=\u00a0\u00bbon\u00a0\u00bb][et_pb_image src=\u00a0\u00bbhttp:\/\/deteka.com\/wp-content\/uploads\/2018\/02\/cicl\u00f3n-300&#215;300.jpg\u00a0\u00bb align=\u00a0\u00bbcenter\u00a0\u00bb _builder_version=\u00a0\u00bb3.0.94&Prime; animation_style=\u00a0\u00bbslide\u00a0\u00bb][\/et_pb_image][\/et_pb_column][\/et_pb_row][et_pb_row custom_padding=\u00a0\u00bb50px|0px|50px|0px\u00a0\u00bb _builder_version=\u00a0\u00bb3.0.94&Prime;][et_pb_column type=\u00a0\u00bb1_2&Prime; _builder_version=\u00a0\u00bb3.0.47&Prime; parallax=\u00a0\u00bboff\u00a0\u00bb parallax_method=\u00a0\u00bbon\u00a0\u00bb][et_pb_text _builder_version=\u00a0\u00bb3.0.94&Prime;]<\/p>\n<h3>ELECTROFILTRES<\/h3>\n<p><strong>Conserver l\u00b4\u00e9nergie<\/strong><\/p>\n<p>Nos pr\u00e9cipitateurs \u00e9lectrostatiques ont une baisse perte de charge, c\u00b4est pourquoi, l\u00b4\u00e9nergie consom\u00e9e par les ventilateurs est inf\u00e9rieure \u00e0 celle d\u00b4autres syst\u00e8mes de filtration. Cette consommation se maintient basse dans le d\u00e9but et dans le temps. La haute performance de s\u00e9paration des pr\u00e9cipitateurs \u00e9lectrostatiques FIVEMASA permet la recirculation de l\u00b4air par eux trait\u00e9 ce qui \u00e9vite les d\u00e9penses de chauffer le local. Avec d\u00b4autres syst\u00e8mes de filtration il se fait n\u00e9cessaire d\u00b4extraire l\u00b4air employ\u00e9 dans la captation car ils ne sont pas si performants.<br \/>\n[\/et_pb_text][\/et_pb_column][et_pb_column type=\u00a0\u00bb1_2&Prime; _builder_version=\u00a0\u00bb3.0.47&Prime; parallax=\u00a0\u00bboff\u00a0\u00bb parallax_method=\u00a0\u00bbon\u00a0\u00bb][et_pb_image src=\u00a0\u00bbhttp:\/\/deteka.com\/wp-content\/uploads\/2018\/02\/filtraci\u00f3n-humos-soldadura.jpg\u00a0\u00bb align=\u00a0\u00bbcenter\u00a0\u00bb _builder_version=\u00a0\u00bb3.0.94&Prime; animation_style=\u00a0\u00bbslide\u00a0\u00bb][\/et_pb_image][\/et_pb_column][\/et_pb_row][et_pb_row custom_padding=\u00a0\u00bb0px|0px|0px|0px\u00a0\u00bb _builder_version=\u00a0\u00bb3.0.94&Prime;][et_pb_column type=\u00a0\u00bb1_2&Prime; _builder_version=\u00a0\u00bb3.0.47&Prime; parallax=\u00a0\u00bboff\u00a0\u00bb parallax_method=\u00a0\u00bbon\u00a0\u00bb][et_pb_text _builder_version=\u00a0\u00bb3.0.94&Prime;]<\/p>\n<h3>OXYDATION THERMIQUE REGENERATIVE<\/h3>\n<p>L\u00b4oxydation thermique r\u00e9g\u00e9n\u00e9rative (OTR) est une r\u00e9action chimique dans laquelle, sous certaines conditions de temp\u00e9rature et de temps de r\u00e9sidence, certains composants hydrocarbon\u00e9s r\u00e9agissent avec l\u00b4oxyg\u00e8ne pour produire CO2, H2O (v) et une quantit\u00e9 de chaleur (Q) qui d\u00e9pendra de la concentration des composants, ainsi que de leur nature et puissance de chaleur sp\u00e9cifique.<br \/>\n[\/et_pb_text][\/et_pb_column][et_pb_column type=\u00a0\u00bb1_2&Prime; _builder_version=\u00a0\u00bb3.0.47&Prime; parallax=\u00a0\u00bboff\u00a0\u00bb parallax_method=\u00a0\u00bbon\u00a0\u00bb][et_pb_image src=\u00a0\u00bbhttp:\/\/deteka.com\/wp-content\/uploads\/2018\/02\/oxidaci\u00f3n-t\u00e9rmica-regenerativa.jpg\u00a0\u00bb align=\u00a0\u00bbcenter\u00a0\u00bb _builder_version=\u00a0\u00bb3.0.94&Prime; animation_style=\u00a0\u00bbslide\u00a0\u00bb][\/et_pb_image][\/et_pb_column][\/et_pb_row][\/et_pb_section]<\/p>\n","protected":false},"excerpt":{"rendered":"<p>Nous employons ce genre d\u00b4\u00e9qiupements pour des applications comme: L\u00b4incin\u00e9ration des boues des stations d\u00b4\u00e9puration d\u00b4eaux us\u00e9es. L\u00b4incin\u00e9ration de divers mat\u00e9riaux de biomasse. Les fum\u00e9es cre\u00e9es dans des industries diverses comme la fonderie, la galvanisation \u00e0 chaud, cimenteries\u2026etc. Une partie de la poussi\u00e8re qui arrive avec le gaz se s\u00e9pare \u00e0 l\u2019entr\u00e9e du filtre. Le [&hellip;]<\/p>\n","protected":false},"author":1,"featured_media":0,"parent":0,"menu_order":0,"comment_status":"closed","ping_status":"closed","template":"","meta":{"_et_pb_use_builder":"on","_et_pb_old_content":"","_et_gb_content_width":"","_exactmetrics_skip_tracking":false,"_exactmetrics_sitenote_active":false,"_exactmetrics_sitenote_note":"","_exactmetrics_sitenote_category":0,"footnotes":""},"class_list":["post-443","page","type-page","status-publish","hentry"],"_links":{"self":[{"href":"https:\/\/deteka.com\/fr\/wp-json\/wp\/v2\/pages\/443","targetHints":{"allow":["GET"]}}],"collection":[{"href":"https:\/\/deteka.com\/fr\/wp-json\/wp\/v2\/pages"}],"about":[{"href":"https:\/\/deteka.com\/fr\/wp-json\/wp\/v2\/types\/page"}],"author":[{"embeddable":true,"href":"https:\/\/deteka.com\/fr\/wp-json\/wp\/v2\/users\/1"}],"replies":[{"embeddable":true,"href":"https:\/\/deteka.com\/fr\/wp-json\/wp\/v2\/comments?post=443"}],"version-history":[{"count":7,"href":"https:\/\/deteka.com\/fr\/wp-json\/wp\/v2\/pages\/443\/revisions"}],"predecessor-version":[{"id":606,"href":"https:\/\/deteka.com\/fr\/wp-json\/wp\/v2\/pages\/443\/revisions\/606"}],"wp:attachment":[{"href":"https:\/\/deteka.com\/fr\/wp-json\/wp\/v2\/media?parent=443"}],"curies":[{"name":"wp","href":"https:\/\/api.w.org\/{rel}","templated":true}]}}