{"id":457,"date":"2018-02-06T18:24:52","date_gmt":"2018-02-06T18:24:52","guid":{"rendered":"http:\/\/deteka.com\/tratamiento-de-superficie\/?lang=fr"},"modified":"2018-02-07T18:15:41","modified_gmt":"2018-02-07T18:15:41","slug":"traitement-de-surface","status":"publish","type":"page","link":"https:\/\/deteka.com\/fr\/traitement-de-surface\/","title":{"rendered":"TRAITEMENT DE SURFACE"},"content":{"rendered":"<p>[et_pb_section fb_built=\u00a0\u00bb1&Prime; _builder_version=\u00a0\u00bb3.0.94&Prime; custom_padding=\u00a0\u00bb20px|0px|0px|0px\u00a0\u00bb][et_pb_row custom_padding=\u00a0\u00bb0px|0px|15px|0px\u00a0\u00bb _builder_version=\u00a0\u00bb3.0.94&Prime;][et_pb_column type=\u00a0\u00bb4_4&Prime; _builder_version=\u00a0\u00bb3.0.47&Prime; parallax=\u00a0\u00bboff\u00a0\u00bb parallax_method=\u00a0\u00bbon\u00a0\u00bb][et_pb_button button_url=\u00a0\u00bb#\u00a0\u00bb button_text=\u00a0\u00bbTRAITEMENT DE SURFACE\u00a0\u00bb background_layout=\u00a0\u00bbdark\u00a0\u00bb _builder_version=\u00a0\u00bb3.0.94&Prime; custom_margin=\u00a0\u00bb|||\u00a0\u00bb custom_button=\u00a0\u00bbon\u00a0\u00bb button_text_size=\u00a0\u00bb25px\u00a0\u00bb button_text_color=\u00a0\u00bb#ffffff\u00a0\u00bb button_bg_color=\u00a0\u00bb#000000&Prime; button_border_width=\u00a0\u00bb2px\u00a0\u00bb button_font=\u00a0\u00bb||||||||\u00a0\u00bb button_icon=\u00a0\u00bb%%37%%\u00a0\u00bb button_text_size_last_edited=\u00a0\u00bbon|desktop\u00a0\u00bb][\/et_pb_button][\/et_pb_column][\/et_pb_row][\/et_pb_section][et_pb_section fb_built=\u00a0\u00bb1&Prime; _builder_version=\u00a0\u00bb3.0.94&Prime; custom_padding=\u00a0\u00bb0px|0px|0px|0px\u00a0\u00bb][et_pb_row custom_padding=\u00a0\u00bb0px|0px|15px|0px\u00a0\u00bb _builder_version=\u00a0\u00bb3.0.94&Prime;][et_pb_column type=\u00a0\u00bb4_4&Prime; _builder_version=\u00a0\u00bb3.0.47&Prime; parallax=\u00a0\u00bboff\u00a0\u00bb parallax_method=\u00a0\u00bbon\u00a0\u00bb][et_pb_button button_url=\u00a0\u00bb#\u00a0\u00bb button_text=\u00a0\u00bbAPPLICATIONS DES EQUIPEMENTS DANS LE SECTEUR\u00a0\u00bb background_layout=\u00a0\u00bbdark\u00a0\u00bb _builder_version=\u00a0\u00bb3.0.94&Prime; custom_margin=\u00a0\u00bb|||\u00a0\u00bb custom_button=\u00a0\u00bbon\u00a0\u00bb button_text_size=\u00a0\u00bb20px\u00a0\u00bb button_text_color=\u00a0\u00bb#ffffff\u00a0\u00bb button_bg_color=\u00a0\u00bb#7cda24&Prime; button_border_width=\u00a0\u00bb2px\u00a0\u00bb button_font=\u00a0\u00bb||||||||\u00a0\u00bb button_icon=\u00a0\u00bb%%37%%\u00a0\u00bb button_text_size_last_edited=\u00a0\u00bbon|desktop\u00a0\u00bb][\/et_pb_button][\/et_pb_column][\/et_pb_row][\/et_pb_section][et_pb_section fb_built=\u00a0\u00bb1&Prime; _builder_version=\u00a0\u00bb3.0.94&Prime; custom_padding=\u00a0\u00bb0px|0px|0px|0px\u00a0\u00bb][et_pb_row custom_padding=\u00a0\u00bb0px|0px|50px|0px\u00a0\u00bb _builder_version=\u00a0\u00bb3.0.94&Prime;][et_pb_column type=\u00a0\u00bb1_2&Prime; _builder_version=\u00a0\u00bb3.0.47&Prime; parallax=\u00a0\u00bboff\u00a0\u00bb parallax_method=\u00a0\u00bbon\u00a0\u00bb][et_pb_image src=\u00a0\u00bbhttp:\/\/deteka.com\/wp-content\/uploads\/2018\/02\/equipements-galvanisation-a-chaud.jpg\u00a0\u00bb _builder_version=\u00a0\u00bb3.0.94&Prime;][\/et_pb_image][\/et_pb_column][et_pb_column type=\u00a0\u00bb1_2&Prime; _builder_version=\u00a0\u00bb3.0.47&Prime; parallax=\u00a0\u00bboff\u00a0\u00bb parallax_method=\u00a0\u00bbon\u00a0\u00bb][et_pb_text _builder_version=\u00a0\u00bb3.0.94&Prime;]<\/p>\n<h2>Equipements et installations cl\u00e9 en main pour la GALVANISATION A CHAUD<\/h2>\n<p>DETEKA vous propose son exp\u00e9rience dans des installations de cuves en Polypropyl\u00e8ne pour le d\u00e9capage \u00e9quip\u00e9es avec couvercles motoris\u00e9es, des installations compl\u00e8tes de capotage et de d\u00e9sodorisation des acides, la captatation et la filtration des fum\u00e9es de bain de zinc\u2026etc<\/p>\n<p>&nbsp;<\/p>\n<p><strong><span>FILTRE A MANCHES POUR LE BAIN DE ZINC<\/span><\/strong><\/p>\n<p>Aspiration et filtration des fum\u00e9es du bain de galvanisation \u00e0 chaud. On assure la longevit\u00e9 des manches et la r\u00e9duction au maximum de la consommation \u00e9lectrique et pneumatique.<\/p>\n<p>&nbsp;<\/p>\n<p><strong><span>HOTTE DE CAPTATION POUR LE BAIN DE ZINC<\/span><\/strong><\/p>\n<p>Dessin, construction et montage de la meilleures solution adapt\u00e9e \u00e0 chaque bain de galvanisation selon ses dimensions, type de pi\u00e8ce, disposition d\u00b4entr\u00e9e des pi\u00e8ces au bain. Nous optimisons le syst\u00e8me pour retrouver une fermeture agile, productive et de maintenance facile.<\/p>\n<p>&nbsp;<\/p>\n<p><strong><span>CUVES POUR LES BAINS DE PRETRAITEMENT<\/span><\/strong><\/p>\n<p>Dessin, construction et montage de bains en plastique pour le pretraitement renforc\u00e9es avec une structure interne en acier.<\/p>\n<p>&nbsp;<\/p>\n<p><strong><span>CABINAGE \u2013 CAPOTAGE \u2013 FEMETURE DES BAINS DE PRETRAITEMENT<\/span><\/strong><\/p>\n<p>Par cabinage de la zone de pretraitement et par le capotage des bains avec fermetures automatis\u00e9es par actionnement m\u00e9canique.<\/p>\n<p>&nbsp;<\/p>\n<p><strong><span>SCRUBBER: ABSORPTION ET LAVAGE DES GAZ<\/span><\/strong><\/p>\n<p>Dessin, construction et montage de tours de lavage, ventilateur, captation et conductions pour extraire les gaz de l\u00b4usine et les filtrer avant de leur emission \u00e0 l\u00b4atmosph\u00e8re.<\/p>\n<p><strong><span>D\u00c9P\u00d4TS DE STOCKAGE DE FLUIDES<\/span><\/strong><\/p>\n<p>Avec le mat\u00e9riel n\u00e9cessaire PP \u2013 PE \u2013 PRFV(SVR)\u2026etc et les acc\u00e9ssoires requis.<\/p>\n<p><strong style=\"font-size: 14px;\">FOURS, SECHEURS, PONT GRUES<\/strong><\/p>\n<p>Fours electriques et de gaz, dessin du secheur de pi\u00e8ces, installation du pont grue.<\/p>\n<p>[\/et_pb_text][\/et_pb_column][\/et_pb_row][\/et_pb_section]<\/p>\n","protected":false},"excerpt":{"rendered":"<p>Equipements et installations cl\u00e9 en main pour la GALVANISATION A CHAUD DETEKA vous propose son exp\u00e9rience dans des installations de cuves en Polypropyl\u00e8ne pour le d\u00e9capage \u00e9quip\u00e9es avec couvercles motoris\u00e9es, des installations compl\u00e8tes de capotage et de d\u00e9sodorisation des acides, la captatation et la filtration des fum\u00e9es de bain de zinc\u2026etc &nbsp; FILTRE A MANCHES [&hellip;]<\/p>\n","protected":false},"author":1,"featured_media":0,"parent":0,"menu_order":0,"comment_status":"closed","ping_status":"closed","template":"","meta":{"_et_pb_use_builder":"on","_et_pb_old_content":"","_et_gb_content_width":"","_exactmetrics_skip_tracking":false,"_exactmetrics_sitenote_active":false,"_exactmetrics_sitenote_note":"","_exactmetrics_sitenote_category":0,"footnotes":""},"class_list":["post-457","page","type-page","status-publish","hentry"],"_links":{"self":[{"href":"https:\/\/deteka.com\/fr\/wp-json\/wp\/v2\/pages\/457","targetHints":{"allow":["GET"]}}],"collection":[{"href":"https:\/\/deteka.com\/fr\/wp-json\/wp\/v2\/pages"}],"about":[{"href":"https:\/\/deteka.com\/fr\/wp-json\/wp\/v2\/types\/page"}],"author":[{"embeddable":true,"href":"https:\/\/deteka.com\/fr\/wp-json\/wp\/v2\/users\/1"}],"replies":[{"embeddable":true,"href":"https:\/\/deteka.com\/fr\/wp-json\/wp\/v2\/comments?post=457"}],"version-history":[{"count":2,"href":"https:\/\/deteka.com\/fr\/wp-json\/wp\/v2\/pages\/457\/revisions"}],"predecessor-version":[{"id":520,"href":"https:\/\/deteka.com\/fr\/wp-json\/wp\/v2\/pages\/457\/revisions\/520"}],"wp:attachment":[{"href":"https:\/\/deteka.com\/fr\/wp-json\/wp\/v2\/media?parent=457"}],"curies":[{"name":"wp","href":"https:\/\/api.w.org\/{rel}","templated":true}]}}