{"id":464,"date":"2018-02-06T16:09:57","date_gmt":"2018-02-06T16:09:57","guid":{"rendered":"http:\/\/deteka.com\/ventiladores\/?lang=fr"},"modified":"2018-02-12T11:56:35","modified_gmt":"2018-02-12T11:56:35","slug":"ventilateurs-centrifuges","status":"publish","type":"page","link":"https:\/\/deteka.com\/fr\/ventilateurs-centrifuges\/","title":{"rendered":"VENTILATEURS CENTRIFUGES"},"content":{"rendered":"<p>[et_pb_section fb_built=\u00a0\u00bb1&Prime; _builder_version=\u00a0\u00bb3.0.94&Prime; custom_padding=\u00a0\u00bb20px|0px|0px|0px\u00a0\u00bb][et_pb_row custom_padding=\u00a0\u00bb0px|0px|15px|0px\u00a0\u00bb _builder_version=\u00a0\u00bb3.0.94&Prime;][et_pb_column type=\u00a0\u00bb4_4&Prime; _builder_version=\u00a0\u00bb3.0.47&Prime; parallax=\u00a0\u00bboff\u00a0\u00bb parallax_method=\u00a0\u00bbon\u00a0\u00bb][et_pb_button button_url=\u00a0\u00bb#\u00a0\u00bb button_text=\u00a0\u00bbVENTILATEURS CENTRIFUGES\u00a0\u00bb background_layout=\u00a0\u00bbdark\u00a0\u00bb _builder_version=\u00a0\u00bb3.0.94&Prime; custom_margin=\u00a0\u00bb|||\u00a0\u00bb custom_button=\u00a0\u00bbon\u00a0\u00bb button_text_size=\u00a0\u00bb25px\u00a0\u00bb button_text_color=\u00a0\u00bb#ffffff\u00a0\u00bb button_bg_color=\u00a0\u00bb#0c71c3&Prime; button_border_width=\u00a0\u00bb2px\u00a0\u00bb button_font=\u00a0\u00bb||||||||\u00a0\u00bb button_icon=\u00a0\u00bb%%37%%\u00a0\u00bb button_text_size_last_edited=\u00a0\u00bbon|desktop\u00a0\u00bb][\/et_pb_button][\/et_pb_column][\/et_pb_row][\/et_pb_section][et_pb_section fb_built=\u00a0\u00bb1&Prime; _builder_version=\u00a0\u00bb3.0.94&Prime; custom_padding=\u00a0\u00bb0px|0px|0px|0px\u00a0\u00bb][et_pb_row custom_padding=\u00a0\u00bb0px|0px|0px|0px\u00a0\u00bb _builder_version=\u00a0\u00bb3.0.94&Prime;][et_pb_column type=\u00a0\u00bb1_2&Prime; _builder_version=\u00a0\u00bb3.0.47&Prime; parallax=\u00a0\u00bboff\u00a0\u00bb parallax_method=\u00a0\u00bbon\u00a0\u00bb][et_pb_text _builder_version=\u00a0\u00bb3.0.94&Prime;]<\/p>\n<ul>\n<li>\n<h3><strong>DESIGN, FABRICATION ET MONTAGE<\/strong><strong>\u00a0DE VENTILATEURS CENTRIFUGES:<\/strong><\/h3>\n<ul>\n<li>En ACIER &amp; PP-PEHD.<\/li>\n<li>Sur mesure suivant d\u00e9bit et pression.<\/li>\n<li>Insonorisation.<\/li>\n<\/ul>\n<\/li>\n<\/ul>\n<p style=\"text-align: justify;\">Nous fabriquons une ample gamme de ventilateurs centrifuges de haute et moyenne pression. En ce qui concerne les\u00a0 caract\u00e9ristiques principales de ces ventilateurs, nous pouvons souligner qu\u2019ils travaillent avec des rendements pouvant atteindre 87 %, en comprenant\u00a0 75\u00a0 \u00e0 120 % du d\u00e9bit \u00e0 son point optimal.<\/p>\n<p style=\"text-align: justify;\">Une grande exp\u00e9rience dans la construction des ventilateurs centrifuges, en grande partie destin\u00e9s \u00e0 des usages dans les installations pour la protection de l\u2019environnement ou dans les domaines sp\u00e9cifiques \u00e0 chaque branche industrielle dont les exigences sont tr\u00e8s diff\u00e9rents, la r\u00e9sistance \u00e0 la chaleur, le traitement contre la corrosion, une autre dirige l\u2019attention vers la r\u00e9sistance \u00e0 l\u2019usure, vers un d\u00e9p\u00f4t minimal de poussi\u00e8res ou un fonctionnement sans aucune vibration et aussi silencieux, une construction des plus compacte qui peut atteindre de hautes vitesses p\u00e9riph\u00e9riques.<\/p>\n<p>&nbsp;<br \/>\n[\/et_pb_text][\/et_pb_column][et_pb_column type=\u00a0\u00bb1_2&Prime; _builder_version=\u00a0\u00bb3.0.47&Prime; parallax=\u00a0\u00bboff\u00a0\u00bb parallax_method=\u00a0\u00bbon\u00a0\u00bb][et_pb_image src=\u00a0\u00bbhttp:\/\/deteka.com\/wp-content\/uploads\/2018\/02\/ventilador-2.gif\u00a0\u00bb _builder_version=\u00a0\u00bb3.0.94&Prime;][\/et_pb_image][\/et_pb_column][\/et_pb_row][\/et_pb_section][et_pb_section fb_built=\u00a0\u00bb1&Prime; _builder_version=\u00a0\u00bb3.0.94&Prime; custom_padding=\u00a0\u00bb64px|0px|0px|0px\u00a0\u00bb][et_pb_row custom_padding=\u00a0\u00bb0px|0px|15px|0px\u00a0\u00bb _builder_version=\u00a0\u00bb3.0.94&Prime;][et_pb_column type=\u00a0\u00bb4_4&Prime; _builder_version=\u00a0\u00bb3.0.47&Prime; parallax=\u00a0\u00bboff\u00a0\u00bb parallax_method=\u00a0\u00bbon\u00a0\u00bb][et_pb_button button_url=\u00a0\u00bb#\u00a0\u00bb button_text=\u00a0\u00bbGAMME DES EQUIPEMENTS\u00a0\u00bb background_layout=\u00a0\u00bbdark\u00a0\u00bb _builder_version=\u00a0\u00bb3.0.94&Prime; custom_margin=\u00a0\u00bb|||\u00a0\u00bb custom_button=\u00a0\u00bbon\u00a0\u00bb button_text_size=\u00a0\u00bb20px\u00a0\u00bb button_text_color=\u00a0\u00bb#ffffff\u00a0\u00bb button_bg_color=\u00a0\u00bb#7cda24&Prime; button_border_width=\u00a0\u00bb2px\u00a0\u00bb button_font=\u00a0\u00bb||||||||\u00a0\u00bb button_icon=\u00a0\u00bb%%37%%\u00a0\u00bb button_text_size_last_edited=\u00a0\u00bbon|desktop\u00a0\u00bb][\/et_pb_button][\/et_pb_column][\/et_pb_row][\/et_pb_section][et_pb_section fb_built=\u00a0\u00bb1&Prime; _builder_version=\u00a0\u00bb3.0.94&Prime; custom_padding=\u00a0\u00bb0px|0px|0px|0px\u00a0\u00bb][et_pb_row custom_padding=\u00a0\u00bb0px|0px|0px|0px\u00a0\u00bb _builder_version=\u00a0\u00bb3.0.94&Prime;][et_pb_column type=\u00a0\u00bb1_2&Prime; _builder_version=\u00a0\u00bb3.0.47&Prime; parallax=\u00a0\u00bboff\u00a0\u00bb parallax_method=\u00a0\u00bbon\u00a0\u00bb][et_pb_text _builder_version=\u00a0\u00bb3.0.94&Prime;]<\/p>\n<h3><strong>VENTILATEURS CENTRIFUGES EN PLASTIQUE (PP-PEHD)<\/strong><\/h3>\n<p>Nous fabriquons une ample gamme de ventilateurs centrifuges de haute et moyenne pression. En ce qui concerne les\u00a0 caract\u00e9ristiques principales de ces ventilateurs, nous pouvons souligner qu\u2019ils travaillent avec des rendements pouvant atteindre 87 %, en comprenant\u00a0 75\u00a0 \u00e0 120 % du d\u00e9bit \u00e0 son point optimal.<br \/>\n[\/et_pb_text][\/et_pb_column][et_pb_column type=\u00a0\u00bb1_2&Prime; _builder_version=\u00a0\u00bb3.0.47&Prime; parallax=\u00a0\u00bboff\u00a0\u00bb parallax_method=\u00a0\u00bbon\u00a0\u00bb][et_pb_image src=\u00a0\u00bbhttp:\/\/deteka.com\/wp-content\/uploads\/2018\/02\/ventilador-3.gif\u00a0\u00bb _builder_version=\u00a0\u00bb3.0.94&Prime; animation_style=\u00a0\u00bbslide\u00a0\u00bb][\/et_pb_image][\/et_pb_column][\/et_pb_row][\/et_pb_section][et_pb_section fb_built=\u00a0\u00bb1&Prime; _builder_version=\u00a0\u00bb3.0.94&Prime; custom_padding=\u00a0\u00bb50px|0px|0px|0px\u00a0\u00bb][et_pb_row custom_padding=\u00a0\u00bb0px|0px|0px|0px\u00a0\u00bb _builder_version=\u00a0\u00bb3.0.94&Prime;][et_pb_column type=\u00a0\u00bb1_2&Prime; _builder_version=\u00a0\u00bb3.0.47&Prime; parallax=\u00a0\u00bboff\u00a0\u00bb parallax_method=\u00a0\u00bbon\u00a0\u00bb][et_pb_text _builder_version=\u00a0\u00bb3.0.94&Prime;]<\/p>\n<h3><strong>VENTILATEURS CENTRIFUGES EN ACIER<\/strong><\/h3>\n<p>Une grande exp\u00e9rience dans la construction des ventilateurs centrifuges, en grande partie destin\u00e9s \u00e0 des usages dans les installations pour la protection de l\u2019environnement ou dans les domaines sp\u00e9cifiques \u00e0 chaque branche industrielle dont les exigences sont tr\u00e8s diff\u00e9rents, la r\u00e9sistance \u00e0 la chaleur, le traitement contre la corrosion, une autre dirige l\u2019attention vers la r\u00e9sistance \u00e0 l\u2019usure, vers un d\u00e9p\u00f4t minimal de poussi\u00e8res ou un fonctionnement sans aucune vibration et aussi silencieux, une construction des plus compacte qui peut atteindre de hautes vitesses p\u00e9riph\u00e9riques<br \/>\n[\/et_pb_text][\/et_pb_column][et_pb_column type=\u00a0\u00bb1_2&Prime; _builder_version=\u00a0\u00bb3.0.47&Prime; parallax=\u00a0\u00bboff\u00a0\u00bb parallax_method=\u00a0\u00bbon\u00a0\u00bb][et_pb_image src=\u00a0\u00bbhttp:\/\/deteka.com\/wp-content\/uploads\/2018\/02\/centrifugo-acero.jpg\u00a0\u00bb align=\u00a0\u00bbcenter\u00a0\u00bb _builder_version=\u00a0\u00bb3.0.94&Prime; animation_style=\u00a0\u00bbslide\u00a0\u00bb][\/et_pb_image][\/et_pb_column][\/et_pb_row][\/et_pb_section]<\/p>\n","protected":false},"excerpt":{"rendered":"<p>DESIGN, FABRICATION ET MONTAGE\u00a0DE VENTILATEURS CENTRIFUGES: En ACIER &amp; PP-PEHD. Sur mesure suivant d\u00e9bit et pression. Insonorisation. Nous fabriquons une ample gamme de ventilateurs centrifuges de haute et moyenne pression. En ce qui concerne les\u00a0 caract\u00e9ristiques principales de ces ventilateurs, nous pouvons souligner qu\u2019ils travaillent avec des rendements pouvant atteindre 87 %, en comprenant\u00a0 75\u00a0 [&hellip;]<\/p>\n","protected":false},"author":1,"featured_media":0,"parent":0,"menu_order":0,"comment_status":"closed","ping_status":"closed","template":"","meta":{"_et_pb_use_builder":"on","_et_pb_old_content":"","_et_gb_content_width":"","_exactmetrics_skip_tracking":false,"_exactmetrics_sitenote_active":false,"_exactmetrics_sitenote_note":"","_exactmetrics_sitenote_category":0,"footnotes":""},"class_list":["post-464","page","type-page","status-publish","hentry"],"_links":{"self":[{"href":"https:\/\/deteka.com\/fr\/wp-json\/wp\/v2\/pages\/464","targetHints":{"allow":["GET"]}}],"collection":[{"href":"https:\/\/deteka.com\/fr\/wp-json\/wp\/v2\/pages"}],"about":[{"href":"https:\/\/deteka.com\/fr\/wp-json\/wp\/v2\/types\/page"}],"author":[{"embeddable":true,"href":"https:\/\/deteka.com\/fr\/wp-json\/wp\/v2\/users\/1"}],"replies":[{"embeddable":true,"href":"https:\/\/deteka.com\/fr\/wp-json\/wp\/v2\/comments?post=464"}],"version-history":[{"count":5,"href":"https:\/\/deteka.com\/fr\/wp-json\/wp\/v2\/pages\/464\/revisions"}],"predecessor-version":[{"id":582,"href":"https:\/\/deteka.com\/fr\/wp-json\/wp\/v2\/pages\/464\/revisions\/582"}],"wp:attachment":[{"href":"https:\/\/deteka.com\/fr\/wp-json\/wp\/v2\/media?parent=464"}],"curies":[{"name":"wp","href":"https:\/\/api.w.org\/{rel}","templated":true}]}}