{"id":617,"date":"2018-02-22T10:07:13","date_gmt":"2018-02-22T10:07:13","guid":{"rendered":"http:\/\/deteka.com\/fr\/?page_id=617"},"modified":"2018-02-22T10:07:13","modified_gmt":"2018-02-22T10:07:13","slug":"equipements","status":"publish","type":"page","link":"https:\/\/deteka.com\/fr\/equipements\/","title":{"rendered":"EQUIPEMENTS"},"content":{"rendered":"<p>[et_pb_section bb_built=\u00a0\u00bb1&Prime; _builder_version=\u00a0\u00bb3.0.94&Prime; custom_padding=\u00a0\u00bb20px|0px|0px|0px\u00a0\u00bb][et_pb_row custom_padding=\u00a0\u00bb0px|0px|15px|0px\u00a0\u00bb _builder_version=\u00a0\u00bb3.0.94&Prime;][et_pb_column type=\u00a0\u00bb4_4&Prime;][et_pb_button button_url=\u00a0\u00bb#\u00a0\u00bb button_text=\u00a0\u00bbMONTAGE DE TUYAUTERIES\u00a0\u00bb background_layout=\u00a0\u00bbdark\u00a0\u00bb _builder_version=\u00a0\u00bb3.0.94&Prime; custom_margin=\u00a0\u00bb|||\u00a0\u00bb custom_button=\u00a0\u00bbon\u00a0\u00bb button_text_size=\u00a0\u00bb25px\u00a0\u00bb button_text_color=\u00a0\u00bb#ffffff\u00a0\u00bb button_bg_color=\u00a0\u00bb#0c71c3&Prime; button_border_width=\u00a0\u00bb2px\u00a0\u00bb button_font=\u00a0\u00bb||||||||\u00a0\u00bb button_icon=\u00a0\u00bb%%37%%\u00a0\u00bb button_text_size_last_edited=\u00a0\u00bbon|desktop\u00a0\u00bb \/][\/et_pb_column][\/et_pb_row][\/et_pb_section][et_pb_section bb_built=\u00a0\u00bb1&Prime; _builder_version=\u00a0\u00bb3.0.94&Prime; custom_padding=\u00a0\u00bb0px|0px|0px|0px\u00a0\u00bb][et_pb_row custom_padding=\u00a0\u00bb0px|0px|0px|0px\u00a0\u00bb _builder_version=\u00a0\u00bb3.0.94&Prime;][et_pb_column type=\u00a0\u00bb1_2&Prime;][et_pb_text _builder_version=\u00a0\u00bb3.0.94&Prime;]<\/p>\n<h3><strong>DESIGN, FABRICATION ET MONTAGE DE TUYAUTERIES:<\/strong><\/h3>\n<ul>\n<li>Montage de tuyauteries de PVDF, en ligne de d\u00e9cap\u00e9e.<\/li>\n<li>Pr\u00e9fabrication de conduits PEHD.<\/li>\n<li>Montage de tuyauteries PPH en skid.<\/li>\n<li>Montage des tuyauteries PPH et PVDF.<\/li>\n<li>Montage des tuyauteries PEHD.<\/li>\n<\/ul>\n<p>Souvent le transport des fluides agressifs et corrosifs, se convertit en probl\u00e8me authentique.<\/p>\n<p>Notre entreprise dispose des moyens et du personnel ad\u00e9quat pour pouvoir vous conseiller dans ce type de montages, en vous orientant tant au dessin des lignes de tuyauteries (\u00e9lection du mat\u00e9riel, le support le plus convenable\u2026 etc.), comme dans l\u2019ex\u00e9cution de celles-ci.<br \/>\n[\/et_pb_text][\/et_pb_column][et_pb_column type=\u00a0\u00bb1_2&Prime;][et_pb_image src=\u00a0\u00bbhttp:\/\/deteka.com\/wp-content\/uploads\/2018\/02\/montaje-tuberia-2.gif\u00a0\u00bb _builder_version=\u00a0\u00bb3.0.94&Prime; \/][\/et_pb_column][\/et_pb_row][\/et_pb_section][et_pb_section bb_built=\u00a0\u00bb1&Prime; _builder_version=\u00a0\u00bb3.0.94&Prime; custom_padding=\u00a0\u00bb64px|0px|0px|0px\u00a0\u00bb][et_pb_row custom_padding=\u00a0\u00bb0px|0px|15px|0px\u00a0\u00bb _builder_version=\u00a0\u00bb3.0.94&Prime;][et_pb_column type=\u00a0\u00bb4_4&Prime;][et_pb_button button_url=\u00a0\u00bb#\u00a0\u00bb button_text=\u00a0\u00bbGAMME DES EQUIPEMENTS\u00a0\u00bb background_layout=\u00a0\u00bbdark\u00a0\u00bb _builder_version=\u00a0\u00bb3.0.94&Prime; custom_margin=\u00a0\u00bb|||\u00a0\u00bb custom_button=\u00a0\u00bbon\u00a0\u00bb button_text_size=\u00a0\u00bb20px\u00a0\u00bb button_text_color=\u00a0\u00bb#ffffff\u00a0\u00bb button_bg_color=\u00a0\u00bb#7cda24&Prime; button_border_width=\u00a0\u00bb2px\u00a0\u00bb button_font=\u00a0\u00bb||||||||\u00a0\u00bb button_icon=\u00a0\u00bb%%37%%\u00a0\u00bb button_text_size_last_edited=\u00a0\u00bbon|desktop\u00a0\u00bb \/][\/et_pb_column][\/et_pb_row][\/et_pb_section][et_pb_section bb_built=\u00a0\u00bb1&Prime; _builder_version=\u00a0\u00bb3.0.94&Prime; custom_padding=\u00a0\u00bb0px|0px|0px|0px\u00a0\u00bb][et_pb_row custom_padding=\u00a0\u00bb0px|0px|51px|0px\u00a0\u00bb _builder_version=\u00a0\u00bb3.0.94&Prime;][et_pb_column type=\u00a0\u00bb1_2&Prime;][et_pb_text _builder_version=\u00a0\u00bb3.0.94&Prime;]<\/p>\n<h3><strong>TUYAUTERIE PLASTIQUE POUR ASPIRATION ET VENTILATION<\/strong><\/h3>\n<ul>\n<li>Design, fabrication, fourniture et montage.<\/li>\n<li>Notes de calcul<\/li>\n<li>Plans isometriques<\/li>\n<li>Compensateurs de dillatation<\/li>\n<li>Portes de visite<\/li>\n<li>Accessoires divers (purges, vannes\u2026etc)<\/li>\n<\/ul>\n<p>[\/et_pb_text][\/et_pb_column][et_pb_column type=\u00a0\u00bb1_2&Prime;][et_pb_image src=\u00a0\u00bbhttp:\/\/deteka.com\/wp-content\/uploads\/2018\/02\/tuberia-pehd.jpg\u00a0\u00bb _builder_version=\u00a0\u00bb3.0.94&Prime; animation_style=\u00a0\u00bbslide\u00a0\u00bb \/][\/et_pb_column][\/et_pb_row][et_pb_row _builder_version=\u00a0\u00bb3.0.94&Prime;][et_pb_column type=\u00a0\u00bb4_4&Prime;][et_pb_code _builder_version=\u00a0\u00bb3.0.94&Prime; \/][\/et_pb_column][\/et_pb_row][et_pb_row custom_padding=\u00a0\u00bb0px|0px|0px|0px\u00a0\u00bb _builder_version=\u00a0\u00bb3.0.94&Prime;][et_pb_column type=\u00a0\u00bb1_2&Prime;][et_pb_text _builder_version=\u00a0\u00bb3.0.94&Prime;]<\/p>\n<h3><strong>TUYAUTERIE PLASTIQUE MONTAGE EN SKID<\/strong><\/h3>\n<ul>\n<li>Design, fabrication, fourniture et montage.<\/li>\n<li>Notes de calcul<\/li>\n<li>Plans isometriques<\/li>\n<li>Compensateurs de dillatation<\/li>\n<li>Portes de visite<\/li>\n<li>Accessoires divers (purges, vannes\u2026etc)<\/li>\n<\/ul>\n<p>[\/et_pb_text][\/et_pb_column][et_pb_column type=\u00a0\u00bb1_2&Prime;][et_pb_image src=\u00a0\u00bbhttp:\/\/deteka.com\/wp-content\/uploads\/2018\/02\/montaje-tuberia-4.gif\u00a0\u00bb align=\u00a0\u00bbcenter\u00a0\u00bb _builder_version=\u00a0\u00bb3.0.94&Prime; max_width=\u00a0\u00bb70%\u00a0\u00bb max_width_last_edited=\u00a0\u00bbon|phone\u00a0\u00bb animation_style=\u00a0\u00bbslide\u00a0\u00bb \/][\/et_pb_column][\/et_pb_row][\/et_pb_section][et_pb_section bb_built=\u00a0\u00bb1&Prime; _builder_version=\u00a0\u00bb3.0.94&Prime; custom_padding=\u00a0\u00bb50px|0px|0px|0px\u00a0\u00bb][et_pb_row custom_padding=\u00a0\u00bb0px|0px|0px|0px\u00a0\u00bb _builder_version=\u00a0\u00bb3.0.94&Prime;][et_pb_column type=\u00a0\u00bb1_2&Prime;][et_pb_text _builder_version=\u00a0\u00bb3.0.94&Prime;]<\/p>\n<h3><strong>TUYAUTERIE PLASTIQUE POUR TRANSPORT DE REACTIFS<\/strong><\/h3>\n<ul>\n<li>Design, fabrication, fourniture et montage.<\/li>\n<li>Notes de calcul<\/li>\n<li>Plans isometriques<\/li>\n<li>Compensateurs de dillatation<\/li>\n<li>Portes de visite<\/li>\n<li>Accessoires divers (purges, vannes\u2026etc<\/li>\n<\/ul>\n<p>[\/et_pb_text][\/et_pb_column][et_pb_column type=\u00a0\u00bb1_2&Prime;][et_pb_image src=\u00a0\u00bbhttp:\/\/deteka.com\/wp-content\/uploads\/2018\/02\/montaje-tuberia-3.gif\u00a0\u00bb _builder_version=\u00a0\u00bb3.0.94&Prime; animation_style=\u00a0\u00bbslide\u00a0\u00bb \/][\/et_pb_column][\/et_pb_row][\/et_pb_section][et_pb_section bb_built=\u00a0\u00bb1&Prime; _builder_version=\u00a0\u00bb3.0.94&Prime; custom_padding=\u00a0\u00bb50px|0px|50px|0px\u00a0\u00bb][et_pb_row custom_padding=\u00a0\u00bb0px|0px|0px|0px\u00a0\u00bb _builder_version=\u00a0\u00bb3.0.94&Prime;][et_pb_column type=\u00a0\u00bb1_2&Prime;][et_pb_text _builder_version=\u00a0\u00bb3.0.94&Prime;]<\/p>\n<h3><strong>TUYAUTERIE PLASTIQUE POUR TRANSPORT DE FLUIDES SPECIFIQUES<\/strong><\/h3>\n<p>CONSULTER NOS POSSIBILIT\u00c9S. Exemple de reseau de gaines pour bateaux.<\/p>\n<ul>\n<li>Design, fabrication, fourniture et montage.<\/li>\n<li>Notes de calcul<\/li>\n<li>Plans isometriques<\/li>\n<li>Comenpsateurs de dillatation<\/li>\n<li>Portes de visite<\/li>\n<li>Accessoires divers (purges, vannes\u2026etc)<\/li>\n<\/ul>\n<p>[\/et_pb_text][\/et_pb_column][et_pb_column type=\u00a0\u00bb1_2&Prime;][et_pb_image src=\u00a0\u00bbhttp:\/\/deteka.com\/wp-content\/uploads\/2018\/02\/montaje-tuberia-5.gif\u00a0\u00bb _builder_version=\u00a0\u00bb3.0.94&Prime; animation_style=\u00a0\u00bbslide\u00a0\u00bb \/][\/et_pb_column][\/et_pb_row][\/et_pb_section][et_pb_section bb_built=\u00a0\u00bb1&Prime; _builder_version=\u00a0\u00bb3.0.94&Prime; custom_padding=\u00a0\u00bb50px|0px|50px|0px\u00a0\u00bb][et_pb_row custom_padding=\u00a0\u00bb0px|0px|0px|0px\u00a0\u00bb _builder_version=\u00a0\u00bb3.0.94&Prime;][et_pb_column type=\u00a0\u00bb1_2&Prime;][et_pb_text _builder_version=\u00a0\u00bb3.0.94&Prime;]<\/p>\n<h3><strong>TUYAUTERIE SOUPLE POUR VENTILATION<\/strong><\/h3>\n<h4><span style=\"font-size: small;\">Fourniture et pose de r\u00e9seaux de gaines souples pour ventilation de chambres ferm\u00e9es.<\/span><\/h4>\n<h4><span style=\"font-size: small;\">Pose rapide avec supports et cablages.<\/span><\/h4>\n<p>[\/et_pb_text][\/et_pb_column][et_pb_column type=\u00a0\u00bb1_2&Prime;][et_pb_image src=\u00a0\u00bbhttp:\/\/deteka.com\/wp-content\/uploads\/2018\/02\/tuberia-flexible-1.jpg\u00a0\u00bb _builder_version=\u00a0\u00bb3.0.94&Prime; animation_style=\u00a0\u00bbslide\u00a0\u00bb \/][\/et_pb_column][\/et_pb_row][\/et_pb_section]<\/p>\n","protected":false},"excerpt":{"rendered":"<p>DESIGN, FABRICATION ET MONTAGE DE TUYAUTERIES: Montage de tuyauteries de PVDF, en ligne de d\u00e9cap\u00e9e. Pr\u00e9fabrication de conduits PEHD. Montage de tuyauteries PPH en skid. Montage des tuyauteries PPH et PVDF. Montage des tuyauteries PEHD. Souvent le transport des fluides agressifs et corrosifs, se convertit en probl\u00e8me authentique. Notre entreprise dispose des moyens et du [&hellip;]<\/p>\n","protected":false},"author":1,"featured_media":0,"parent":0,"menu_order":0,"comment_status":"closed","ping_status":"closed","template":"","meta":{"_et_pb_use_builder":"on","_et_pb_old_content":"","_et_gb_content_width":"","_exactmetrics_skip_tracking":false,"_exactmetrics_sitenote_active":false,"_exactmetrics_sitenote_note":"","_exactmetrics_sitenote_category":0,"footnotes":""},"class_list":["post-617","page","type-page","status-publish","hentry"],"_links":{"self":[{"href":"https:\/\/deteka.com\/fr\/wp-json\/wp\/v2\/pages\/617","targetHints":{"allow":["GET"]}}],"collection":[{"href":"https:\/\/deteka.com\/fr\/wp-json\/wp\/v2\/pages"}],"about":[{"href":"https:\/\/deteka.com\/fr\/wp-json\/wp\/v2\/types\/page"}],"author":[{"embeddable":true,"href":"https:\/\/deteka.com\/fr\/wp-json\/wp\/v2\/users\/1"}],"replies":[{"embeddable":true,"href":"https:\/\/deteka.com\/fr\/wp-json\/wp\/v2\/comments?post=617"}],"version-history":[{"count":1,"href":"https:\/\/deteka.com\/fr\/wp-json\/wp\/v2\/pages\/617\/revisions"}],"predecessor-version":[{"id":618,"href":"https:\/\/deteka.com\/fr\/wp-json\/wp\/v2\/pages\/617\/revisions\/618"}],"wp:attachment":[{"href":"https:\/\/deteka.com\/fr\/wp-json\/wp\/v2\/media?parent=617"}],"curies":[{"name":"wp","href":"https:\/\/api.w.org\/{rel}","templated":true}]}}