{"id":622,"date":"2018-02-22T10:11:30","date_gmt":"2018-02-22T10:11:30","guid":{"rendered":"http:\/\/deteka.com\/fr\/?page_id=622"},"modified":"2018-02-22T10:11:30","modified_gmt":"2018-02-22T10:11:30","slug":"secteurs","status":"publish","type":"page","link":"https:\/\/deteka.com\/fr\/secteurs\/","title":{"rendered":"SECTEURS"},"content":{"rendered":"<p>[et_pb_section bb_built=\u00a0\u00bb1&Prime; _builder_version=\u00a0\u00bb3.0.94&Prime; custom_padding=\u00a0\u00bb20px|0px|0px|0px\u00a0\u00bb][et_pb_row custom_padding=\u00a0\u00bb0px|0px|15px|0px\u00a0\u00bb _builder_version=\u00a0\u00bb3.0.94&Prime;][et_pb_column type=\u00a0\u00bb4_4&Prime;][et_pb_button button_url=\u00a0\u00bb#\u00a0\u00bb button_text=\u00a0\u00bbTRAITEMENT DE L\u00b4EAU\u00a0\u00bb background_layout=\u00a0\u00bbdark\u00a0\u00bb _builder_version=\u00a0\u00bb3.0.94&Prime; custom_margin=\u00a0\u00bb|||\u00a0\u00bb custom_button=\u00a0\u00bbon\u00a0\u00bb button_text_size=\u00a0\u00bb25px\u00a0\u00bb button_text_color=\u00a0\u00bb#ffffff\u00a0\u00bb button_bg_color=\u00a0\u00bb#000000&Prime; button_border_width=\u00a0\u00bb2px\u00a0\u00bb button_font=\u00a0\u00bb||||||||\u00a0\u00bb button_icon=\u00a0\u00bb%%37%%\u00a0\u00bb button_text_size_last_edited=\u00a0\u00bbon|desktop\u00a0\u00bb \/][\/et_pb_column][\/et_pb_row][\/et_pb_section][et_pb_section bb_built=\u00a0\u00bb1&Prime; _builder_version=\u00a0\u00bb3.0.94&Prime; custom_padding=\u00a0\u00bb0px|0px|0px|0px\u00a0\u00bb][et_pb_row custom_padding=\u00a0\u00bb0px|0px|15px|0px\u00a0\u00bb _builder_version=\u00a0\u00bb3.0.94&Prime;][et_pb_column type=\u00a0\u00bb4_4&Prime;][et_pb_button button_url=\u00a0\u00bb#\u00a0\u00bb button_text=\u00a0\u00bbAPPLICATIONS DES EQUIPEMENTS DANS LE SECTEUR\u00a0\u00bb background_layout=\u00a0\u00bbdark\u00a0\u00bb _builder_version=\u00a0\u00bb3.0.94&Prime; custom_margin=\u00a0\u00bb|||\u00a0\u00bb custom_button=\u00a0\u00bbon\u00a0\u00bb button_text_size=\u00a0\u00bb20px\u00a0\u00bb button_text_color=\u00a0\u00bb#ffffff\u00a0\u00bb button_bg_color=\u00a0\u00bb#7cda24&Prime; button_border_width=\u00a0\u00bb2px\u00a0\u00bb button_font=\u00a0\u00bb||||||||\u00a0\u00bb button_icon=\u00a0\u00bb%%37%%\u00a0\u00bb button_text_size_last_edited=\u00a0\u00bbon|desktop\u00a0\u00bb \/][\/et_pb_column][\/et_pb_row][\/et_pb_section][et_pb_section bb_built=\u00a0\u00bb1&Prime; _builder_version=\u00a0\u00bb3.0.94&Prime; custom_padding=\u00a0\u00bb0px|0px|0px|0px\u00a0\u00bb][et_pb_row custom_padding=\u00a0\u00bb0px|0px|50px|0px\u00a0\u00bb _builder_version=\u00a0\u00bb3.0.94&Prime;][et_pb_column type=\u00a0\u00bb1_2&Prime;][et_pb_image src=\u00a0\u00bbhttp:\/\/deteka.com\/wp-content\/uploads\/2018\/02\/deteka-eau.jpg\u00a0\u00bb _builder_version=\u00a0\u00bb3.0.94&Prime; \/][\/et_pb_column][et_pb_column type=\u00a0\u00bb1_2&Prime;][et_pb_text _builder_version=\u00a0\u00bb3.0.94&Prime;]<\/p>\n<p>Nous d\u00e9montrons une vaste liste de r\u00e9f\u00e9rences dans les diff\u00e9rentes applications pour le traitement de l\u00b4eau.<\/p>\n<ul>\n<li>CHAUDRONNERIE SUR MESURE: PP \u2013 PEHD \u2013 PVC \u2013 SVR\/PRFV \u2013 PVDF<\/li>\n<li>DESODORISATION: oxydation, charbon actif et biofiltration.<\/li>\n<li>CUVERIE plastique et composite<\/li>\n<li>INSTALLATION DE VENTILATEURS: VASTE GAMME DE D\u00c9BITS \u2013 PRESSIONS<\/li>\n<li>INSTALLATION DE TUYAUTERIES: DIFFERENTS MATERIAUX<\/li>\n<li>ASPIRATION ET FILTRATION DES GAZ DES CHAUDI\u00c8RES D\u00b4INCINERATIONS DE BOUES<\/li>\n<\/ul>\n<p>Nous proposons des syst\u00e8mes d\u00b4\u00e9limination des particules, acides, m\u00e9taux lourds, dioxydes et furanes par:<\/p>\n<ol>\n<li>VOIE S\u00c8CHE: chaudi\u00e8re + r\u00e9acteur + filtre c\u00e9ramique + ventilateurs + chemin\u00e9e + adition de Ca(OH)2 ou bicarbonate sodique + adition de charbon actif.<\/li>\n<li>VOIE HUMIDE: chaudi\u00e8re + r\u00e9acteur + venturi scrubber + tour d\u00b4adsorption + ventilateur + chemin\u00e9e.<\/li>\n<\/ol>\n<p>La norme la plus exigeante de nos jours est garantie: Directrice 2000\/76\/EC<\/p>\n<p>[\/et_pb_text][\/et_pb_column][\/et_pb_row][\/et_pb_section]<\/p>\n","protected":false},"excerpt":{"rendered":"<p>Nous d\u00e9montrons une vaste liste de r\u00e9f\u00e9rences dans les diff\u00e9rentes applications pour le traitement de l\u00b4eau. CHAUDRONNERIE SUR MESURE: PP \u2013 PEHD \u2013 PVC \u2013 SVR\/PRFV \u2013 PVDF DESODORISATION: oxydation, charbon actif et biofiltration. CUVERIE plastique et composite INSTALLATION DE VENTILATEURS: VASTE GAMME DE D\u00c9BITS \u2013 PRESSIONS INSTALLATION DE TUYAUTERIES: DIFFERENTS MATERIAUX ASPIRATION ET FILTRATION [&hellip;]<\/p>\n","protected":false},"author":1,"featured_media":0,"parent":0,"menu_order":0,"comment_status":"closed","ping_status":"closed","template":"","meta":{"_et_pb_use_builder":"on","_et_pb_old_content":"","_et_gb_content_width":"","_exactmetrics_skip_tracking":false,"_exactmetrics_sitenote_active":false,"_exactmetrics_sitenote_note":"","_exactmetrics_sitenote_category":0,"footnotes":""},"class_list":["post-622","page","type-page","status-publish","hentry"],"_links":{"self":[{"href":"https:\/\/deteka.com\/fr\/wp-json\/wp\/v2\/pages\/622","targetHints":{"allow":["GET"]}}],"collection":[{"href":"https:\/\/deteka.com\/fr\/wp-json\/wp\/v2\/pages"}],"about":[{"href":"https:\/\/deteka.com\/fr\/wp-json\/wp\/v2\/types\/page"}],"author":[{"embeddable":true,"href":"https:\/\/deteka.com\/fr\/wp-json\/wp\/v2\/users\/1"}],"replies":[{"embeddable":true,"href":"https:\/\/deteka.com\/fr\/wp-json\/wp\/v2\/comments?post=622"}],"version-history":[{"count":1,"href":"https:\/\/deteka.com\/fr\/wp-json\/wp\/v2\/pages\/622\/revisions"}],"predecessor-version":[{"id":623,"href":"https:\/\/deteka.com\/fr\/wp-json\/wp\/v2\/pages\/622\/revisions\/623"}],"wp:attachment":[{"href":"https:\/\/deteka.com\/fr\/wp-json\/wp\/v2\/media?parent=622"}],"curies":[{"name":"wp","href":"https:\/\/api.w.org\/{rel}","templated":true}]}}